{"id":6113,"date":"2025-07-31T13:53:50","date_gmt":"2025-07-31T20:53:50","guid":{"rendered":"https:\/\/www.neilmed.com\/pan\/?post_type=product&#038;p=6113"},"modified":"2025-07-31T13:53:51","modified_gmt":"2025-07-31T20:53:51","slug":"neilmed-aspirador-nasal-con-baterias","status":"publish","type":"product","link":"https:\/\/www.neilmed.com\/pan\/product\/neilmed-aspirador-nasal-con-baterias\/","title":{"rendered":"NeilMed Aspirador Nasal Con Baterias"},"content":{"rendered":"<p>Apirador\u00a0electrico es el aspirador nasal m\u00e1s innovador del mercado para remover las mucosidades de la delicada nariz del beb\u00e9, aliviando de forma eficaz y r\u00e1pida. Su exclusivo dise\u00f1o combina aspectos de seguridad y calidad.<\/p>\n","protected":false},"excerpt":{"rendered":"<p>Apirador\u00a0electrico es el aspirador nasal m\u00e1s innovador del mercado para remover las mucosidades de la delicada nariz del beb\u00e9, aliviando de forma eficaz y r\u00e1pida. Su exclusivo dise\u00f1o combina aspectos de seguridad y calidad.<\/p>\n","protected":false},"featured_media":6114,"comment_status":"open","ping_status":"closed","template":"","meta":{"_acf_changed":false,"inline_featured_image":false},"product_brand":[],"product_cat":[50],"product_tag":[],"class_list":{"0":"post-6113","1":"product","2":"type-product","3":"status-publish","4":"has-post-thumbnail","6":"product_cat-bebes-ninos","8":"first","9":"instock","10":"shipping-taxable","11":"purchasable","12":"product-type-simple"},"yoast_head":"<!-- This site is optimized with the Yoast SEO Premium plugin v27.2 (Yoast SEO v27.3) - https:\/\/yoast.com\/product\/yoast-seo-premium-wordpress\/ -->\n<title>NeilMed Aspirador Nasal Con Baterias - NeilMed Pharmaceuticals - Panama<\/title>\n<meta name=\"robots\" content=\"index, follow, max-snippet:-1, max-image-preview:large, max-video-preview:-1\" \/>\n<link rel=\"canonical\" href=\"https:\/\/www.neilmed.com\/pan\/product\/neilmed-aspirador-nasal-con-baterias\/\" \/>\n<meta property=\"og:locale\" content=\"es_ES\" \/>\n<meta property=\"og:type\" content=\"article\" \/>\n<meta property=\"og:title\" content=\"NeilMed Aspirador Nasal Con Baterias\" \/>\n<meta property=\"og:description\" content=\"Apirador\u00a0electrico es el aspirador nasal m\u00e1s innovador del mercado para remover las mucosidades de la delicada nariz del beb\u00e9, aliviando de forma eficaz y r\u00e1pida. Su exclusivo dise\u00f1o combina aspectos de seguridad y calidad.\" \/>\n<meta property=\"og:url\" content=\"https:\/\/www.neilmed.com\/pan\/product\/neilmed-aspirador-nasal-con-baterias\/\" \/>\n<meta property=\"og:site_name\" content=\"NeilMed Pharmaceuticals - Panama\" \/>\n<meta property=\"article:modified_time\" content=\"2025-07-31T20:53:51+00:00\" \/>\n<meta property=\"og:image\" content=\"https:\/\/www.neilmed.com\/pan\/wp-content\/uploads\/sites\/23\/2025\/07\/NAB-4R-24-ESP-US-Rev9-Right-SPA1.jpg\" \/>\n\t<meta property=\"og:image:width\" content=\"1000\" \/>\n\t<meta property=\"og:image:height\" content=\"1000\" \/>\n\t<meta property=\"og:image:type\" content=\"image\/jpeg\" \/>\n<meta name=\"twitter:card\" content=\"summary_large_image\" \/>\n<meta name=\"twitter:label1\" content=\"Tiempo estimado de lectura\" \/>\n\t<meta name=\"twitter:data1\" content=\"1 minuto\" \/>\n<script type=\"application\/ld+json\" class=\"yoast-schema-graph\">{\"@context\":\"https:\\\/\\\/schema.org\",\"@graph\":[{\"@type\":\"WebPage\",\"@id\":\"https:\\\/\\\/www.neilmed.com\\\/pan\\\/product\\\/neilmed-aspirador-nasal-con-baterias\\\/\",\"url\":\"https:\\\/\\\/www.neilmed.com\\\/pan\\\/product\\\/neilmed-aspirador-nasal-con-baterias\\\/\",\"name\":\"NeilMed Aspirador Nasal Con Baterias - NeilMed Pharmaceuticals - Panama\",\"isPartOf\":{\"@id\":\"https:\\\/\\\/www.neilmed.com\\\/pan\\\/#website\"},\"primaryImageOfPage\":{\"@id\":\"https:\\\/\\\/www.neilmed.com\\\/pan\\\/product\\\/neilmed-aspirador-nasal-con-baterias\\\/#primaryimage\"},\"image\":{\"@id\":\"https:\\\/\\\/www.neilmed.com\\\/pan\\\/product\\\/neilmed-aspirador-nasal-con-baterias\\\/#primaryimage\"},\"thumbnailUrl\":\"https:\\\/\\\/www.neilmed.com\\\/pan\\\/wp-content\\\/uploads\\\/sites\\\/23\\\/2025\\\/07\\\/NAB-4R-24-ESP-US-Rev9-Right-SPA1.jpg\",\"datePublished\":\"2025-07-31T20:53:50+00:00\",\"dateModified\":\"2025-07-31T20:53:51+00:00\",\"breadcrumb\":{\"@id\":\"https:\\\/\\\/www.neilmed.com\\\/pan\\\/product\\\/neilmed-aspirador-nasal-con-baterias\\\/#breadcrumb\"},\"inLanguage\":\"es-CL\",\"potentialAction\":[{\"@type\":\"ReadAction\",\"target\":[\"https:\\\/\\\/www.neilmed.com\\\/pan\\\/product\\\/neilmed-aspirador-nasal-con-baterias\\\/\"]}]},{\"@type\":\"ImageObject\",\"inLanguage\":\"es-CL\",\"@id\":\"https:\\\/\\\/www.neilmed.com\\\/pan\\\/product\\\/neilmed-aspirador-nasal-con-baterias\\\/#primaryimage\",\"url\":\"https:\\\/\\\/www.neilmed.com\\\/pan\\\/wp-content\\\/uploads\\\/sites\\\/23\\\/2025\\\/07\\\/NAB-4R-24-ESP-US-Rev9-Right-SPA1.jpg\",\"contentUrl\":\"https:\\\/\\\/www.neilmed.com\\\/pan\\\/wp-content\\\/uploads\\\/sites\\\/23\\\/2025\\\/07\\\/NAB-4R-24-ESP-US-Rev9-Right-SPA1.jpg\",\"width\":1000,\"height\":1000,\"caption\":\"NeilMed Aspirador Nasal Con Baterias\"},{\"@type\":\"BreadcrumbList\",\"@id\":\"https:\\\/\\\/www.neilmed.com\\\/pan\\\/product\\\/neilmed-aspirador-nasal-con-baterias\\\/#breadcrumb\",\"itemListElement\":[{\"@type\":\"ListItem\",\"position\":1,\"name\":\"Home\",\"item\":\"https:\\\/\\\/www.neilmed.com\\\/pan\\\/\"},{\"@type\":\"ListItem\",\"position\":2,\"name\":\"Tienda\",\"item\":\"https:\\\/\\\/www.neilmed.com\\\/pan\\\/tienda\\\/\"},{\"@type\":\"ListItem\",\"position\":3,\"name\":\"NeilMed Aspirador Nasal Con Baterias\"}]},{\"@type\":\"WebSite\",\"@id\":\"https:\\\/\\\/www.neilmed.com\\\/pan\\\/#website\",\"url\":\"https:\\\/\\\/www.neilmed.com\\\/pan\\\/\",\"name\":\"NeilMed Pharmaceuticals - Panama\",\"description\":\"NeilMed Pharmaceuticals: world leader in nasal saline irrigation system | Sinus Rinse | Neti Pot | Nasal Irrigation\",\"potentialAction\":[{\"@type\":\"SearchAction\",\"target\":{\"@type\":\"EntryPoint\",\"urlTemplate\":\"https:\\\/\\\/www.neilmed.com\\\/pan\\\/?s={search_term_string}\"},\"query-input\":{\"@type\":\"PropertyValueSpecification\",\"valueRequired\":true,\"valueName\":\"search_term_string\"}}],\"inLanguage\":\"es-CL\"}]}<\/script>\n<!-- \/ Yoast SEO Premium plugin. -->","yoast_head_json":{"title":"NeilMed Aspirador Nasal Con Baterias - NeilMed Pharmaceuticals - Panama","robots":{"index":"index","follow":"follow","max-snippet":"max-snippet:-1","max-image-preview":"max-image-preview:large","max-video-preview":"max-video-preview:-1"},"canonical":"https:\/\/www.neilmed.com\/pan\/product\/neilmed-aspirador-nasal-con-baterias\/","og_locale":"es_ES","og_type":"article","og_title":"NeilMed Aspirador Nasal Con Baterias","og_description":"Apirador\u00a0electrico es el aspirador nasal m\u00e1s innovador del mercado para remover las mucosidades de la delicada nariz del beb\u00e9, aliviando de forma eficaz y r\u00e1pida. Su exclusivo dise\u00f1o combina aspectos de seguridad y calidad.","og_url":"https:\/\/www.neilmed.com\/pan\/product\/neilmed-aspirador-nasal-con-baterias\/","og_site_name":"NeilMed Pharmaceuticals - Panama","article_modified_time":"2025-07-31T20:53:51+00:00","og_image":[{"width":1000,"height":1000,"url":"https:\/\/www.neilmed.com\/pan\/wp-content\/uploads\/sites\/23\/2025\/07\/NAB-4R-24-ESP-US-Rev9-Right-SPA1.jpg","type":"image\/jpeg"}],"twitter_card":"summary_large_image","twitter_misc":{"Tiempo estimado de lectura":"1 minuto"},"schema":{"@context":"https:\/\/schema.org","@graph":[{"@type":"WebPage","@id":"https:\/\/www.neilmed.com\/pan\/product\/neilmed-aspirador-nasal-con-baterias\/","url":"https:\/\/www.neilmed.com\/pan\/product\/neilmed-aspirador-nasal-con-baterias\/","name":"NeilMed Aspirador Nasal Con Baterias - NeilMed Pharmaceuticals - Panama","isPartOf":{"@id":"https:\/\/www.neilmed.com\/pan\/#website"},"primaryImageOfPage":{"@id":"https:\/\/www.neilmed.com\/pan\/product\/neilmed-aspirador-nasal-con-baterias\/#primaryimage"},"image":{"@id":"https:\/\/www.neilmed.com\/pan\/product\/neilmed-aspirador-nasal-con-baterias\/#primaryimage"},"thumbnailUrl":"https:\/\/www.neilmed.com\/pan\/wp-content\/uploads\/sites\/23\/2025\/07\/NAB-4R-24-ESP-US-Rev9-Right-SPA1.jpg","datePublished":"2025-07-31T20:53:50+00:00","dateModified":"2025-07-31T20:53:51+00:00","breadcrumb":{"@id":"https:\/\/www.neilmed.com\/pan\/product\/neilmed-aspirador-nasal-con-baterias\/#breadcrumb"},"inLanguage":"es-CL","potentialAction":[{"@type":"ReadAction","target":["https:\/\/www.neilmed.com\/pan\/product\/neilmed-aspirador-nasal-con-baterias\/"]}]},{"@type":"ImageObject","inLanguage":"es-CL","@id":"https:\/\/www.neilmed.com\/pan\/product\/neilmed-aspirador-nasal-con-baterias\/#primaryimage","url":"https:\/\/www.neilmed.com\/pan\/wp-content\/uploads\/sites\/23\/2025\/07\/NAB-4R-24-ESP-US-Rev9-Right-SPA1.jpg","contentUrl":"https:\/\/www.neilmed.com\/pan\/wp-content\/uploads\/sites\/23\/2025\/07\/NAB-4R-24-ESP-US-Rev9-Right-SPA1.jpg","width":1000,"height":1000,"caption":"NeilMed Aspirador Nasal Con Baterias"},{"@type":"BreadcrumbList","@id":"https:\/\/www.neilmed.com\/pan\/product\/neilmed-aspirador-nasal-con-baterias\/#breadcrumb","itemListElement":[{"@type":"ListItem","position":1,"name":"Home","item":"https:\/\/www.neilmed.com\/pan\/"},{"@type":"ListItem","position":2,"name":"Tienda","item":"https:\/\/www.neilmed.com\/pan\/tienda\/"},{"@type":"ListItem","position":3,"name":"NeilMed Aspirador Nasal Con Baterias"}]},{"@type":"WebSite","@id":"https:\/\/www.neilmed.com\/pan\/#website","url":"https:\/\/www.neilmed.com\/pan\/","name":"NeilMed Pharmaceuticals - Panama","description":"NeilMed Pharmaceuticals: world leader in nasal saline irrigation system | Sinus Rinse | Neti Pot | Nasal Irrigation","potentialAction":[{"@type":"SearchAction","target":{"@type":"EntryPoint","urlTemplate":"https:\/\/www.neilmed.com\/pan\/?s={search_term_string}"},"query-input":{"@type":"PropertyValueSpecification","valueRequired":true,"valueName":"search_term_string"}}],"inLanguage":"es-CL"}]}},"acf":[],"_links":{"self":[{"href":"https:\/\/www.neilmed.com\/pan\/wp-json\/wp\/v2\/product\/6113","targetHints":{"allow":["GET"]}}],"collection":[{"href":"https:\/\/www.neilmed.com\/pan\/wp-json\/wp\/v2\/product"}],"about":[{"href":"https:\/\/www.neilmed.com\/pan\/wp-json\/wp\/v2\/types\/product"}],"replies":[{"embeddable":true,"href":"https:\/\/www.neilmed.com\/pan\/wp-json\/wp\/v2\/comments?post=6113"}],"wp:featuredmedia":[{"embeddable":true,"href":"https:\/\/www.neilmed.com\/pan\/wp-json\/wp\/v2\/media\/6114"}],"wp:attachment":[{"href":"https:\/\/www.neilmed.com\/pan\/wp-json\/wp\/v2\/media?parent=6113"}],"wp:term":[{"taxonomy":"product_brand","embeddable":true,"href":"https:\/\/www.neilmed.com\/pan\/wp-json\/wp\/v2\/product_brand?post=6113"},{"taxonomy":"product_cat","embeddable":true,"href":"https:\/\/www.neilmed.com\/pan\/wp-json\/wp\/v2\/product_cat?post=6113"},{"taxonomy":"product_tag","embeddable":true,"href":"https:\/\/www.neilmed.com\/pan\/wp-json\/wp\/v2\/product_tag?post=6113"}],"curies":[{"name":"wp","href":"https:\/\/api.w.org\/{rel}","templated":true}]}}