{"id":4142,"date":"2023-08-27T20:42:25","date_gmt":"2023-08-28T01:42:25","guid":{"rendered":"https:\/\/www.neilmed.com\/pe\/?post_type=product&#038;p=4142"},"modified":"2024-11-26T16:38:17","modified_gmt":"2024-11-26T21:38:17","slug":"neilmed-sinus-rinse-kit-60-sobres","status":"publish","type":"product","link":"https:\/\/www.neilmed.com\/pe\/product\/neilmed-sinus-rinse-kit-60-sobres\/","title":{"rendered":"NeilMed Sinus Rinse Kit 60 sobres"},"content":{"rendered":"\n\n\t<p>NeilMed\u00ae SINUS RINSE\u2122 es un sistema de botella f\u00e1cil de apretar que le permite administrar la soluci\u00f3n salina con presi\u00f3n positiva para limpiar los conductos nasales a fondo, mientras mantiene la cabeza en posici\u00f3n vertical. Usted tiene control total de la presi\u00f3n y el volumen de la soluci\u00f3n, lo que garantiza una experiencia suave, relajante y terap\u00e9utica. El enjuague diario es seguro y mantendr\u00e1 sus fosas nasales limpias, saludables y abiertas.<\/p>\n<p><strong>Usar para<\/strong><\/p>\n<ul>\n<li>Alergias nasales, sequedad y rinitis al\u00e9rgica.<\/li>\n<li>Presi\u00f3n sinusal y congesti\u00f3n nasal.<\/li>\n<li>S\u00edntomas nasales de la gripe y el resfriado.<\/li>\n<li>Irritaci\u00f3n nasal por polvo dom\u00e9stico y ocupacional, humos, caspa de animales, pasto, polen, humo, etc.<\/li>\n<li>Goteo posnasal y congesti\u00f3n nasal<\/li>\n<\/ul>\n<p><strong>Ventajas<\/strong><\/p>\n<ul>\n<li>Sistema calmante, sin ardor ni escozor de gran volumen y baja presi\u00f3n\u2122 para irrigaci\u00f3n nasal salina, humectaci\u00f3n e higiene nasal diaria.<\/li>\n<li>La tapa negra redondeada de una sola pieza y dise\u00f1o personalizado se adapta a cualquier abertura nasal. La ausencia de componentes de empujar y tirar facilita la limpieza.<\/li>\n<li>Sin conservantes, f\u00e1rmacos, yodo, BPA, gluten ni l\u00e1tex.<\/li>\n<li>Paquetes premezclados de cloruro de sodio y bicarbonato de sodio de grado USP (nivel de pureza del 99 % o superior).<\/li>\n<li>Excelente limpieza antes de pulverizar corticosteroides nasales.<\/li>\n<li>pH equilibrado e isot\u00f3nico o hipert\u00f3nico con dos o m\u00e1s paquetes<\/li>\n<li>Flujo suave con botella f\u00e1cil de apretar.<br \/>\nSe vac\u00eda casi el 95% en posici\u00f3n vertical.<\/li>\n<li>Adecuado para su uso despu\u00e9s de la cirug\u00eda de los senos nasales y durante el embarazo. Consulte a su m\u00e9dico si tiene dudas.<\/li>\n<li>Port\u00e1til para viajar.<\/li>\n<\/ul>\n<p><strong>Instrucciones de uso<\/strong><\/p>\n<p><strong>Paso 1<\/strong><\/p>\n<p>Por favor l\u00e1vese las manos. Llenar el frasco limpio con el volumen designado de agua tibia hervida previamente o embotellada. Puede calentar el agua en el microondas en intervalos de 5 a 10 segundos para evitar el sobrecalentamiento del agua, da\u00f1ar el dispositivo o quemar la fosa nasal.<\/p>\n<p><strong>Paso 2<\/strong><\/p>\n<p>Cortar en la parte superior del sobre con mezcla SINUSRINSE\u2122 y vierta su contenido en la botella. Apretar el tap\u00f3n y el tubo de la botella de forma segura. Coloque un dedo sobre la punta de la tapa y agite el frasco suavemente para disolver la mezcla.<\/p>\n<p><strong>Paso 3<\/strong><\/p>\n<p>P\u00e1rese frente al lavamanos, incl\u00ednese hacia adelante a un nivel que le acomode, e incline la cabeza hacia un costado. Manteniendo la boca abierta y sin aguantar la respiraci\u00f3n, sit\u00fae la punta del dispositivo c\u00f3modamente contra su fosa nasal. Presione la botella suavemente hasta que la soluci\u00f3n comience a vaciarse a trav\u00e9s de la fosa nasal opuesta. Algo puede drenar por la boca. Para un enjuague adecuado, seguir apretando la botella suavemente hasta que al menos 1\/4 a 1\/2 (60 mL a 120 mL o 2 a 4 fl. oz) de la botella se haya usado. No ingiera la soluci\u00f3n.<\/p>\n<p><strong>Paso 4<\/strong><\/p>\n<p>Su\u00e9nese la nariz muy suavemente, sin aplastarla para evitar la presi\u00f3n en los t\u00edmpanos. Si es tolerable, suene suavemente una o dos veces cualquier soluci\u00f3n residual restante en el pasaje nasal, porque esto puede despejar el \u00e1rea posterior naso-faringe, correspondiendo al pasaje nasal. A veces algo de soluci\u00f3n puede llegar a la parte posterior de la garganta, si es el caso, escupa.<\/p>\n<p>Para ayudar a drenar cualquier resto de soluci\u00f3n, suene la nariz suavemente mientras inclina la cabeza hacia adelante y hacia el mismo lado del pasaje nasal que acaba de enjuagar.<\/p>\n<p><strong>Paso 5<\/strong><\/p>\n<p>Ahora repita los pasos 3 y 4 en el otro pasaje nasal.<\/p>\n<p><strong>Paso 6<\/strong><\/p>\n<p>Limpie la botella y la tapa (vea las instrucciones a continuaci\u00f3n). Secar al aire sobre un papel toalla limpio la tapa, botella y tubo<\/p>\n<p><strong>Advertencias<\/strong><\/p>\n<p>Siempre lave las fosas nasales con la soluci\u00f3n NeilMed\u00ae SINURINSE\u2122. Nuestra soluci\u00f3n en sobres contiene una mezcla calidad USP de cloruro de sodio y bicarbonato de sodio. Estos ingredientes son de la m\u00e1s alta calidad disponibles para hacer la mezcla de polvo seco. Lavar sus fosas nasales con agua pura sin nuestra mezcla dar\u00e1 como resultado una fuerte sensaci\u00f3n de ardor, ya que el agua potable no es fisiol\u00f3gicamente adecuada para el revestimiento nasal, pero s\u00ed para el consumo. Adem\u00e1s, para su seguridad, no utilice agua potable de la llave para disolver la mezcla, a menos que haya sido previamente hervida durante cinco minutos o m\u00e1s, ya que la ebullici\u00f3n esteriliza el agua. Otras opciones son destilado o embotellada, como se mencion\u00f3 anteriormente, previamente hervida, pero tibia o a temperatura corporal. Puede almacenar agua hervida en un recipiente limpio durante siete o m\u00e1s d\u00edas si se mantiene refrigerada. <strong>No enjuague si sus fosas nasales est\u00e1n totalmente bloqueadas, o si tiene alguna infecci\u00f3n de o\u00eddos<\/strong>, o tapados. Si usted ha sido sometido recientemente a cirug\u00eda de o\u00eddo o de los senos nasales, p\u00f3ngase en contacto con su m\u00e9dico antes de irrigar. Si usted experimenta cualquier presi\u00f3n en los o\u00eddos o ardor en las fosas nasales, detenga el lavado, y consulte a su m\u00e9dico. Mantener fuera del alcance de los ni\u00f1os. Lea y conserve este folleto adjunto como instructivo y otra informaci\u00f3n importante.<\/p>\n<p>Utilice siempre agua destilada, Micro-Filtrada (0,2 micras), embotellada, o previamente hervida y tibia, o a temperatura corporal. No use agua potable o de la llave cuando lave las fosas nasales con los dispositivos NeilMed, a menos que haya sido previamente hervida y tibia.<\/p>\n<p>Antes de usar SINUSRINSE\u2122 por primera vez, por favor, inspeccione cuidadosamente las condiciones de la tapa, el tubo y la botella. Si alguna de las partes aparece descolorida o agrietada, p\u00f3ngase en contacto con NeilMed\u00ae para solicitar un recambio. Siga las instrucciones de limpieza proporcionado en este folleto o tarjeta de instrucciones, o a trav\u00e9s de nuestro sitio web antes de cada uso.<\/p>\n<p>La botella y soluci\u00f3n en sobre SINUSRINSE\u2122 se utilizan exclusivamente para el lavado de las fosas nasales. No usar para otros fines.<\/p>\n<p>Si usted ha sido sometido recientemente a cirug\u00eda de o\u00eddo o de los senos nasales, consulte a su m\u00e9dico antes de irrigar. Si experimenta cualquier presi\u00f3n en los o\u00eddos o ardor en las fosas nasales, detenga el lavado, y consulte a su m\u00e9dico. Mantener fuera del alcance de los ni\u00f1os. Lea y conserve este folleto adjunto como instructivo y otra informaci\u00f3n importante.<\/p>\n<p>Recomendamos encarecidamente el NO uso de nuestro kit en ni\u00f1os o adultos que presentan limitaciones f\u00edsicas o mentales debido a discapacidades de desarrollo o trastornos adquiridos. Los adultos deber\u00edan leer las instrucciones antes de usarlo en sus hijos. Mantener fuera del alcance de los ni\u00f1os. No ingiera la soluci\u00f3n; sin embargo, si lo hace accidentalmente, no hay riesgos, ya que la cantidad de sodio ingerida es insignificante.<\/p>\n<p>Pacientes con impedimento de levantarse o inclinarse frente al lavamanos NO DEBER\u00cdAN usar este producto. Le aconsejamos NO utilizar este producto en pacientes que se encuentren muy debilitados o postrados en cama.<\/p>\n<p>Consejos para evitar molestias en los o\u00eddos mientras se lava:<\/p>\n<ul>\n<li>Si ha sido sometido a cirug\u00eda de o\u00eddo, por favor contacte a su m\u00e9dico antes de irrigar<\/li>\n<li>No utilizar si tiene alguna infecci\u00f3n de o\u00eddo, u o\u00eddos tapados<\/li>\n<li>Enjuagar con agua destilada, filtrada o previamente hervida<\/li>\n<li>Mantenga su boca abierta<\/li>\n<li>No interrumpa la respiraci\u00f3n mientras se lava<\/li>\n<li>Mientras se lava, aseg\u00farese de inclinar su cabeza como se muestra en la foto m\u00e1s abajo<\/li>\n<li>Apriete suavemente la botella mientras se lava; no apriete el frasco muy en\u00e9rgicamente<\/li>\n<li>Detenga el enjuague si siente alguna sensaci\u00f3n de l\u00edquido cerca de los o\u00eddos<\/li>\n<li>Lo m\u00e1s importante, siempre suene la nariz suavemente<\/li>\n<\/ul>\nPara evitar el drenaje inesperado despu\u00e9s del enjuague:<br \/>\nEn casos excepcionales, especialmente si ha sido sometido a cirug\u00eda de los senos para-nasales, la soluci\u00f3n salina puede acumularse en las cavidades de los senos para-nasales y fosas nasales, y luego gotear a trav\u00e9s de su nariz horas despu\u00e9s del enjuague. Para evitar este inofensivo, pero molesto inconveniente, tome un paso extra despu\u00e9s del enjuague: incl\u00ednese hacia adelante, e incline la cabeza hacia los lados, y suene la nariz suavemente. Luego, incline la cabeza hacia el otro lado y suene nuevamente. Puede que tenga que repetir esta operaci\u00f3n varias veces. Esto ayudar\u00e1 a eliminar de sus fosas nasales cualquier exceso de mucosidad, y restos de soluci\u00f3n salina. Si el drenaje persiste posteriormente, no se lave justo antes de salir de casa o de acostarse.\n<p>Precauci\u00f3n, NO usar sal de cocina con los dispositivos m\u00e9dicos NeilMed\u00ae:<\/p>\n<p>Las soluciones caseras pueden tener concentraciones incorrectas, provocando un alivio inadecuado o incluso la congesti\u00f3n nasal. Adem\u00e1s, la sal de mesa y el bicarbonato de sodio no son de grado farmac\u00e9utico para uso m\u00e9dico y pueden contener impurezas.<\/p>\n<p>El sistema de lavado de las fosas nasales NeilMed\u00ae SINUSRINSE\u2122 es de gran volumen, el cual proporcionar\u00e1 120-mL a 240-mL (8 fl oz) de soluci\u00f3n salina. Agregando un sobre azul de NeilMed\u00ae SINUSRINSE\u2122 a 240-mL (8 fl oz) de agua formar\u00e1 una soluci\u00f3n salina isot\u00f3nica (hipert\u00f3nica con 2 o m\u00e1s sobres) que es de pH neutro, y libre de preservantes.<\/p>\n<p><strong>USAR S\u00d3LO COMO SE INDICA, SI LOS S\u00cdNTOMAS PERSISTEN VISITE UN M\u00c9DICO O PROFESIONAL DE LA SALUD SIEMPRE LEA LA ETIQUETA.<\/strong><\/p>\n<p>Store between 59\u00b0F and 86\u00b0F (15\u00b0C to 30\u00b0C).<\/p>\n\t\n\n","protected":false},"excerpt":{"rendered":"<p>NeilMed\u00ae SINUS RINSE\u2122 es un sistema de botella f\u00e1cil de apretar que le permite administrar la soluci\u00f3n salina con presi\u00f3n positiva para limpiar los conductos nasales a fondo, mientras mantiene la cabeza en posici\u00f3n vertical. Usted tiene control total de la presi\u00f3n y el volumen de la soluci\u00f3n, lo que garantiza una experiencia suave, relajante&hellip;<\/p>\n","protected":false},"featured_media":4143,"template":"","meta":{"_acf_changed":false,"inline_featured_image":false},"product_brand":[],"product_cat":[51],"product_tag":[],"class_list":{"0":"post-4142","1":"product","2":"type-product","3":"status-publish","4":"has-post-thumbnail","6":"product_cat-lavado-nasal","8":"first","9":"instock","10":"purchasable","11":"product-type-simple"},"yoast_head":"<!-- This site is optimized with the Yoast SEO Premium plugin v27.2 (Yoast SEO v27.3) - https:\/\/yoast.com\/product\/yoast-seo-premium-wordpress\/ -->\n<title>NeilMed Sinus Rinse Kit 60 sobres - NeilMed Pharmaceuticals - Peru<\/title>\n<meta name=\"description\" content=\"NeilMed Sinus Rinse es un kit para un sistema de lavado de gran volumen y baja presi\u00f3n de nariz y senos paranasales en base a una soluci\u00f3n salina isot\u00f3nica.\" \/>\n<meta name=\"robots\" content=\"index, follow, max-snippet:-1, max-image-preview:large, max-video-preview:-1\" \/>\n<link rel=\"canonical\" href=\"https:\/\/www.neilmed.com\/pe\/product\/neilmed-sinus-rinse-kit-60-sobres\/\" \/>\n<meta property=\"og:locale\" content=\"es_ES\" \/>\n<meta property=\"og:type\" content=\"article\" \/>\n<meta property=\"og:title\" content=\"NeilMed Sinus Rinse Kit 60 sobres\" \/>\n<meta property=\"og:description\" content=\"NeilMed Sinus Rinse es un kit para un sistema de lavado de gran volumen y baja presi\u00f3n de nariz y senos paranasales en base a una soluci\u00f3n salina isot\u00f3nica.\" \/>\n<meta property=\"og:url\" content=\"https:\/\/www.neilmed.com\/pe\/product\/neilmed-sinus-rinse-kit-60-sobres\/\" \/>\n<meta property=\"og:site_name\" content=\"NeilMed Pharmaceuticals - Peru\" \/>\n<meta property=\"article:modified_time\" content=\"2024-11-26T21:38:17+00:00\" \/>\n<meta property=\"og:image\" content=\"https:\/\/www.neilmed.com\/pe\/wp-content\/uploads\/sites\/26\/2023\/08\/2101-SPA-INT-Rev8-893x1024.png\" \/>\n\t<meta property=\"og:image:width\" content=\"893\" \/>\n\t<meta property=\"og:image:height\" content=\"1024\" \/>\n\t<meta property=\"og:image:type\" content=\"image\/png\" \/>\n<meta name=\"twitter:card\" content=\"summary_large_image\" \/>\n<meta name=\"twitter:label1\" content=\"Tiempo de lectura\" \/>\n\t<meta name=\"twitter:data1\" content=\"7 minutos\" \/>\n<script type=\"application\/ld+json\" class=\"yoast-schema-graph\">{\"@context\":\"https:\\\/\\\/schema.org\",\"@graph\":[{\"@type\":\"WebPage\",\"@id\":\"https:\\\/\\\/www.neilmed.com\\\/pe\\\/product\\\/neilmed-sinus-rinse-kit-60-sobres\\\/\",\"url\":\"https:\\\/\\\/www.neilmed.com\\\/pe\\\/product\\\/neilmed-sinus-rinse-kit-60-sobres\\\/\",\"name\":\"NeilMed Sinus Rinse Kit 60 sobres - NeilMed Pharmaceuticals - Peru\",\"isPartOf\":{\"@id\":\"https:\\\/\\\/www.neilmed.com\\\/pe\\\/#website\"},\"primaryImageOfPage\":{\"@id\":\"https:\\\/\\\/www.neilmed.com\\\/pe\\\/product\\\/neilmed-sinus-rinse-kit-60-sobres\\\/#primaryimage\"},\"image\":{\"@id\":\"https:\\\/\\\/www.neilmed.com\\\/pe\\\/product\\\/neilmed-sinus-rinse-kit-60-sobres\\\/#primaryimage\"},\"thumbnailUrl\":\"https:\\\/\\\/www.neilmed.com\\\/pe\\\/wp-content\\\/uploads\\\/sites\\\/26\\\/2023\\\/08\\\/2101-SPA-INT-Rev8.png\",\"datePublished\":\"2023-08-28T01:42:25+00:00\",\"dateModified\":\"2024-11-26T21:38:17+00:00\",\"description\":\"NeilMed Sinus Rinse es un kit para un sistema de lavado de gran volumen y baja presi\u00f3n de nariz y senos paranasales en base a una soluci\u00f3n salina isot\u00f3nica.\",\"breadcrumb\":{\"@id\":\"https:\\\/\\\/www.neilmed.com\\\/pe\\\/product\\\/neilmed-sinus-rinse-kit-60-sobres\\\/#breadcrumb\"},\"inLanguage\":\"es\",\"potentialAction\":[{\"@type\":\"ReadAction\",\"target\":[\"https:\\\/\\\/www.neilmed.com\\\/pe\\\/product\\\/neilmed-sinus-rinse-kit-60-sobres\\\/\"]}]},{\"@type\":\"ImageObject\",\"inLanguage\":\"es\",\"@id\":\"https:\\\/\\\/www.neilmed.com\\\/pe\\\/product\\\/neilmed-sinus-rinse-kit-60-sobres\\\/#primaryimage\",\"url\":\"https:\\\/\\\/www.neilmed.com\\\/pe\\\/wp-content\\\/uploads\\\/sites\\\/26\\\/2023\\\/08\\\/2101-SPA-INT-Rev8.png\",\"contentUrl\":\"https:\\\/\\\/www.neilmed.com\\\/pe\\\/wp-content\\\/uploads\\\/sites\\\/26\\\/2023\\\/08\\\/2101-SPA-INT-Rev8.png\",\"width\":1785,\"height\":2048},{\"@type\":\"BreadcrumbList\",\"@id\":\"https:\\\/\\\/www.neilmed.com\\\/pe\\\/product\\\/neilmed-sinus-rinse-kit-60-sobres\\\/#breadcrumb\",\"itemListElement\":[{\"@type\":\"ListItem\",\"position\":1,\"name\":\"Home\",\"item\":\"https:\\\/\\\/www.neilmed.com\\\/pe\\\/\"},{\"@type\":\"ListItem\",\"position\":2,\"name\":\"Tienda\",\"item\":\"https:\\\/\\\/www.neilmed.com\\\/pe\\\/tienda\\\/\"},{\"@type\":\"ListItem\",\"position\":3,\"name\":\"NeilMed Sinus Rinse Kit 60 sobres\"}]},{\"@type\":\"WebSite\",\"@id\":\"https:\\\/\\\/www.neilmed.com\\\/pe\\\/#website\",\"url\":\"https:\\\/\\\/www.neilmed.com\\\/pe\\\/\",\"name\":\"NeilMed Pharmaceuticals - Peru\",\"description\":\"NeilMed Pharmaceuticals: Lider Mundial en lavado de soluciones salinas\",\"potentialAction\":[{\"@type\":\"SearchAction\",\"target\":{\"@type\":\"EntryPoint\",\"urlTemplate\":\"https:\\\/\\\/www.neilmed.com\\\/pe\\\/?s={search_term_string}\"},\"query-input\":{\"@type\":\"PropertyValueSpecification\",\"valueRequired\":true,\"valueName\":\"search_term_string\"}}],\"inLanguage\":\"es\"}]}<\/script>\n<!-- \/ Yoast SEO Premium plugin. -->","yoast_head_json":{"title":"NeilMed Sinus Rinse Kit 60 sobres - NeilMed Pharmaceuticals - Peru","description":"NeilMed Sinus Rinse es un kit para un sistema de lavado de gran volumen y baja presi\u00f3n de nariz y senos paranasales en base a una soluci\u00f3n salina isot\u00f3nica.","robots":{"index":"index","follow":"follow","max-snippet":"max-snippet:-1","max-image-preview":"max-image-preview:large","max-video-preview":"max-video-preview:-1"},"canonical":"https:\/\/www.neilmed.com\/pe\/product\/neilmed-sinus-rinse-kit-60-sobres\/","og_locale":"es_ES","og_type":"article","og_title":"NeilMed Sinus Rinse Kit 60 sobres","og_description":"NeilMed Sinus Rinse es un kit para un sistema de lavado de gran volumen y baja presi\u00f3n de nariz y senos paranasales en base a una soluci\u00f3n salina isot\u00f3nica.","og_url":"https:\/\/www.neilmed.com\/pe\/product\/neilmed-sinus-rinse-kit-60-sobres\/","og_site_name":"NeilMed Pharmaceuticals - Peru","article_modified_time":"2024-11-26T21:38:17+00:00","og_image":[{"width":893,"height":1024,"url":"https:\/\/www.neilmed.com\/pe\/wp-content\/uploads\/sites\/26\/2023\/08\/2101-SPA-INT-Rev8-893x1024.png","type":"image\/png"}],"twitter_card":"summary_large_image","twitter_misc":{"Tiempo de lectura":"7 minutos"},"schema":{"@context":"https:\/\/schema.org","@graph":[{"@type":"WebPage","@id":"https:\/\/www.neilmed.com\/pe\/product\/neilmed-sinus-rinse-kit-60-sobres\/","url":"https:\/\/www.neilmed.com\/pe\/product\/neilmed-sinus-rinse-kit-60-sobres\/","name":"NeilMed Sinus Rinse Kit 60 sobres - NeilMed Pharmaceuticals - Peru","isPartOf":{"@id":"https:\/\/www.neilmed.com\/pe\/#website"},"primaryImageOfPage":{"@id":"https:\/\/www.neilmed.com\/pe\/product\/neilmed-sinus-rinse-kit-60-sobres\/#primaryimage"},"image":{"@id":"https:\/\/www.neilmed.com\/pe\/product\/neilmed-sinus-rinse-kit-60-sobres\/#primaryimage"},"thumbnailUrl":"https:\/\/www.neilmed.com\/pe\/wp-content\/uploads\/sites\/26\/2023\/08\/2101-SPA-INT-Rev8.png","datePublished":"2023-08-28T01:42:25+00:00","dateModified":"2024-11-26T21:38:17+00:00","description":"NeilMed Sinus Rinse es un kit para un sistema de lavado de gran volumen y baja presi\u00f3n de nariz y senos paranasales en base a una soluci\u00f3n salina isot\u00f3nica.","breadcrumb":{"@id":"https:\/\/www.neilmed.com\/pe\/product\/neilmed-sinus-rinse-kit-60-sobres\/#breadcrumb"},"inLanguage":"es","potentialAction":[{"@type":"ReadAction","target":["https:\/\/www.neilmed.com\/pe\/product\/neilmed-sinus-rinse-kit-60-sobres\/"]}]},{"@type":"ImageObject","inLanguage":"es","@id":"https:\/\/www.neilmed.com\/pe\/product\/neilmed-sinus-rinse-kit-60-sobres\/#primaryimage","url":"https:\/\/www.neilmed.com\/pe\/wp-content\/uploads\/sites\/26\/2023\/08\/2101-SPA-INT-Rev8.png","contentUrl":"https:\/\/www.neilmed.com\/pe\/wp-content\/uploads\/sites\/26\/2023\/08\/2101-SPA-INT-Rev8.png","width":1785,"height":2048},{"@type":"BreadcrumbList","@id":"https:\/\/www.neilmed.com\/pe\/product\/neilmed-sinus-rinse-kit-60-sobres\/#breadcrumb","itemListElement":[{"@type":"ListItem","position":1,"name":"Home","item":"https:\/\/www.neilmed.com\/pe\/"},{"@type":"ListItem","position":2,"name":"Tienda","item":"https:\/\/www.neilmed.com\/pe\/tienda\/"},{"@type":"ListItem","position":3,"name":"NeilMed Sinus Rinse Kit 60 sobres"}]},{"@type":"WebSite","@id":"https:\/\/www.neilmed.com\/pe\/#website","url":"https:\/\/www.neilmed.com\/pe\/","name":"NeilMed Pharmaceuticals - Peru","description":"NeilMed Pharmaceuticals: Lider Mundial en lavado de soluciones salinas","potentialAction":[{"@type":"SearchAction","target":{"@type":"EntryPoint","urlTemplate":"https:\/\/www.neilmed.com\/pe\/?s={search_term_string}"},"query-input":{"@type":"PropertyValueSpecification","valueRequired":true,"valueName":"search_term_string"}}],"inLanguage":"es"}]}},"acf":[],"_links":{"self":[{"href":"https:\/\/www.neilmed.com\/pe\/wp-json\/wp\/v2\/product\/4142","targetHints":{"allow":["GET"]}}],"collection":[{"href":"https:\/\/www.neilmed.com\/pe\/wp-json\/wp\/v2\/product"}],"about":[{"href":"https:\/\/www.neilmed.com\/pe\/wp-json\/wp\/v2\/types\/product"}],"wp:featuredmedia":[{"embeddable":true,"href":"https:\/\/www.neilmed.com\/pe\/wp-json\/wp\/v2\/media\/4143"}],"wp:attachment":[{"href":"https:\/\/www.neilmed.com\/pe\/wp-json\/wp\/v2\/media?parent=4142"}],"wp:term":[{"taxonomy":"product_brand","embeddable":true,"href":"https:\/\/www.neilmed.com\/pe\/wp-json\/wp\/v2\/product_brand?post=4142"},{"taxonomy":"product_cat","embeddable":true,"href":"https:\/\/www.neilmed.com\/pe\/wp-json\/wp\/v2\/product_cat?post=4142"},{"taxonomy":"product_tag","embeddable":true,"href":"https:\/\/www.neilmed.com\/pe\/wp-json\/wp\/v2\/product_tag?post=4142"}],"curies":[{"name":"wp","href":"https:\/\/api.w.org\/{rel}","templated":true}]}}