{"id":4144,"date":"2023-08-27T19:19:02","date_gmt":"2023-08-28T02:19:02","guid":{"rendered":"https:\/\/www.neilmed.com\/pe\/?post_type=product&#038;p=4144"},"modified":"2025-06-29T07:42:14","modified_gmt":"2025-06-29T12:42:14","slug":"neilmed-sinus-rinse-kit-ninos-30-sobres","status":"publish","type":"product","link":"https:\/\/www.neilmed.com\/pe\/product\/neilmed-sinus-rinse-kit-ninos-30-sobres\/","title":{"rendered":"NeilMed Sinus Rinse Kit Ni\u00f1os 30 sobres"},"content":{"rendered":"\r\n\r\n\t<p>NeilMed SINUS RINSE es un sistema de botella f\u00e1cil de apretar que le permite administrar la soluci\u00f3n salina con presi\u00f3n positiva para limpiar los conductos nasales a fondo, mientras mantiene la cabeza en posici\u00f3n vertical. Usted tiene control total de la presi\u00f3n y el volumen de la soluci\u00f3n, lo que garantiza una experiencia suave, relajante y terap\u00e9utica. El enjuague diario es seguro y mantendr\u00e1 sus fosas nasales limpias, saludables y abiertas.<\/p>\r\n<p><strong>Usar para<\/strong><\/p>\r\n<ul>\r\n<li>Alergias nasales, sequedad y rinitis al\u00e9rgica.<\/li>\r\n<li>Presi\u00f3n sinusal y congesti\u00f3n nasal.<\/li>\r\n<li>S\u00edntomas nasales de la gripe y el resfriado.<\/li>\r\n<li>Irritaci\u00f3n nasal por polvo dom\u00e9stico y ocupacional, humos, caspa de animales, pasto, polen, humo, etc.<\/li>\r\n<li>Goteo posnasal y congesti\u00f3n nasal.<\/li>\r\n<\/ul>\r\n<p><strong>Ventajas<\/strong><\/p>\r\nCalmante, sin ardor ni escozor Sistema de gran volumen y baja presi\u00f3n para irrigaci\u00f3n nasal salina, humectaci\u00f3n e higiene nasal diaria.<br \/>\r\nLa tapa negra redondeada de una sola pieza y dise\u00f1o personalizado se adapta a cualquier abertura nasal. La ausencia de componentes de empujar y tirar facilita la limpieza.<br \/>\r\nSin conservantes, f\u00e1rmacos, yodo, BPA, gluten ni l\u00e1tex.<br \/>\r\nPaquetes premezclados de cloruro de sodio y bicarbonato de sodio de grado USP (nivel de pureza del 99 % o superior)<br \/>\r\nExcelente limpieza antes de pulverizar corticosteroides nasales.<br \/>\r\npH equilibrado e isot\u00f3nico o hipert\u00f3nico con dos o m\u00e1s paquetes<br \/>\r\nFlujo suave con botella f\u00e1cil de apretar.<br \/>\r\nSe vac\u00eda casi el 95% en posici\u00f3n vertical.<br \/>\r\nAdecuado para su uso despu\u00e9s de la cirug\u00eda de los senos nasales y durante el embarazo. Consulte a su m\u00e9dico si tiene dudas.<br \/>\r\nPort\u00e1til para viajar<br \/>\r\nGarant\u00eda de devoluci\u00f3n del dinero\r\n<p><strong>Contiene<\/strong><\/p>\r\n1 botella personalizada de 4 oz (120 ml)<br \/>\r\n30 paquetes premezclados regulares de mezcla de cloruro de sodio y bicarbonato de sodio con pH equilibrado (grado USP, ingredientes naturales, isot\u00f3nico, sin conservantes ni yodo)<br \/>\r\nFolleto educativo<br \/>\r\nInstrucciones de uso y advertencias<br \/>\r\nLea la Advertencia antes de usar. Nuestra recomendaci\u00f3n es sustituir el frasco cada tres meses.<br \/>\r\n<strong>UTILICE SOLAMENTE SEG\u00daN LAS INSTRUCCIONES, SI LOS S\u00cdNTOMAS PERSISTEN, CONSULTE A SU M\u00c9DICO\/PROFESIONAL DE LA SALUD. LEA SIEMPRE LA ETIQUETA.<\/strong>\r\n<p><strong>Modo de Uso<\/strong><\/p>\r\n<p><strong>Paso 1 <\/strong><\/p>\r\n<p>L\u00e1vese las manos. Llene la botella limpia con el volumen designado de agua previamente hervida y enfriada o embotellada comercialmente a temperatura ambiente o tibia. Enjuague siempre sus fosas nasales \u00fanicamente con los paquetes NeilMed\u00ae Sinus Rinse\u2122. Nuestros paquetes contienen una mezcla de cloruro de sodio y bicarbonato de sodio de grado USP. Estos ingredientes son de la m\u00e1s pura calidad disponible para preparar la mezcla de polvo seco. Enjuagar sus fosas nasales s\u00f3lo con agua corriente sin nuestra mezcla provocar\u00e1 una sensaci\u00f3n de ardor grave, ya que el agua corriente no es fisiol\u00f3gica para el revestimiento nasal, incluso si es apropiada para beber. Adem\u00e1s, por su seguridad, no utilice agua del grifo o del grifo para disolver la mezcla a menos que haya sido previamente hervida durante cinco minutos o m\u00e1s, ya que la ebullici\u00f3n esteriliza el agua. Otras opciones son agua destilada, microfiltrada (hasta 0,2 micras), embotellada comercialmente o, como se mencion\u00f3 anteriormente, agua previamente hervida a temperatura tibia o corporal. Puede almacenar agua hervida en un recipiente limpio durante siete d\u00edas o m\u00e1s si est\u00e1 refrigerada. No utilice agua de pozo sin cloro o sin ultrafiltraci\u00f3n (0,2 micrones) a menos que se hierva y luego se enfr\u00ede a temperatura tibia o corporal.<\/p>\r\n<p><strong>Paso 2 <\/strong><\/p>\r\n<p>Corte el paquete de mezcla de Sinus Rinse\u2122 por la esquina y vierta su contenido en la botella. Apriete firmemente la tapa y el tubo de la botella. Coloque un dedo sobre la punta de la tapa y agite suavemente el frasco para disolver la mezcla.<\/p>\r\n<p><strong>Paso 3 <\/strong><\/p>\r\n<p>De pie frente a un lavabo, incl\u00ednese hacia adelante hasta su nivel de comodidad e incline la cabeza hacia abajo. Manteniendo la boca abierta, sin contener la respiraci\u00f3n, coloque el tap\u00f3n c\u00f3modamente contra el conducto nasal. APRIETE EL BOTELLA SUAVEMENTE hasta que la soluci\u00f3n comience a drenar por el conducto nasal OPUESTO. Es posible que algunos salgan de la boca. Para un enjuague adecuado, siga apretando la botella SUAVEMENTE hasta que se use al menos 1\/4 a 1\/2 (60 ml a 120 ml o 2 a 4 onzas l\u00edquidas) de la botella. No trague la soluci\u00f3n.<\/p>\r\n<p><strong>Paso 4 <\/strong><\/p>\r\n<p>Su\u00e9nese la nariz muy suavemente, sin pellizcarla por completo para evitar presi\u00f3n en los t\u00edmpanos. Si es tolerable, huela suavemente cualquier soluci\u00f3n residual que quede en el conducto nasal una o dos veces, ya que esto puede limpiar el \u00e1rea nasofar\u00edngea posterior, que es el \u00e1rea en la parte posterior del conducto nasal. A veces, parte de la soluci\u00f3n llega al fondo de la garganta, as\u00ed que esc\u00fapela. Para ayudar a drenar cualquier soluci\u00f3n residual, su\u00e9nese la nariz suavemente mientras inclina la cabeza hacia adelante y hacia el lado opuesto del conducto nasal que acaba de enjuagar.<\/p>\r\n<p><strong>Paso 5 <\/strong><\/p>\r\n<p>Ahora repita los pasos 3 y 4 para el otro conducto nasal. La mayor\u00eda de los usuarios encuentran que enjuagarse dos veces al d\u00eda es beneficioso, similar a cepillarse los dientes. Muchos m\u00e9dicos recomiendan enjuagarse de 3 a 4 veces al d\u00eda o, en circunstancias especiales, incluso enjuagarse hasta 6 veces al d\u00eda es seguro. Siga los consejos de su m\u00e9dico.<\/p>\r\n<p><strong>Paso 6 <\/strong><\/p>\r\n<p>Limpie la botella y la tapa. Seque al aire el frasco, la tapa y el tubo de Sinus Rinse\u2122 sobre una toalla de papel limpia, una toalla sin pelusa.<\/p>\r\n<p>Store between 59\u00b0F and 86\u00b0F (15\u00b0C to 30\u00b0C).<\/p>\r\n\t\r\n\r\n","protected":false},"excerpt":{"rendered":"<p>NeilMed SINUS RINSE es un sistema de botella f\u00e1cil de apretar que le permite administrar la soluci\u00f3n salina con presi\u00f3n positiva para limpiar los conductos nasales a fondo, mientras mantiene la cabeza en posici\u00f3n vertical. Usted tiene control total de la presi\u00f3n y el volumen de la soluci\u00f3n, lo que garantiza una experiencia suave, relajante&hellip;<\/p>\n","protected":false},"featured_media":3871,"template":"","meta":{"_acf_changed":false,"inline_featured_image":false},"product_brand":[],"product_cat":[51],"product_tag":[],"class_list":{"0":"post-4144","1":"product","2":"type-product","3":"status-publish","4":"has-post-thumbnail","6":"product_cat-lavado-nasal","8":"first","9":"outofstock","10":"purchasable","11":"product-type-simple"},"yoast_head":"<!-- This site is optimized with the Yoast SEO Premium plugin v27.4 (Yoast SEO v27.5) - https:\/\/yoast.com\/product\/yoast-seo-premium-wordpress\/ -->\n<title>NeilMed Sinus Rinse Kit Ni\u00f1os 30 sobres - NeilMed Pharmaceuticals - Peru<\/title>\n<meta name=\"description\" content=\"NeilMed Sinus Rinse Pedi\u00e1trico es un kit, especialmente dise\u00f1ado para ni\u00f1os, para un sistema de lavado de gran volumen y baja presi\u00f3n de nariz y senos paranasales en base a una soluci\u00f3n salina isot\u00f3nica.\" \/>\n<meta name=\"robots\" content=\"index, follow, max-snippet:-1, max-image-preview:large, max-video-preview:-1\" \/>\n<link rel=\"canonical\" href=\"https:\/\/www.neilmed.com\/pe\/product\/neilmed-sinus-rinse-kit-ninos-30-sobres\/\" \/>\n<meta property=\"og:locale\" content=\"es_ES\" \/>\n<meta property=\"og:type\" content=\"article\" \/>\n<meta property=\"og:title\" content=\"NeilMed Sinus Rinse Kit Ni\u00f1os 30 sobres\" \/>\n<meta property=\"og:description\" content=\"NeilMed Sinus Rinse Pedi\u00e1trico es un kit, especialmente dise\u00f1ado para ni\u00f1os, para un sistema de lavado de gran volumen y baja presi\u00f3n de nariz y senos paranasales en base a una soluci\u00f3n salina isot\u00f3nica.\" \/>\n<meta property=\"og:url\" content=\"https:\/\/www.neilmed.com\/pe\/product\/neilmed-sinus-rinse-kit-ninos-30-sobres\/\" \/>\n<meta property=\"og:site_name\" content=\"NeilMed Pharmaceuticals - Peru\" \/>\n<meta property=\"article:modified_time\" content=\"2025-06-29T12:42:14+00:00\" \/>\n<meta property=\"og:image\" content=\"https:\/\/www.neilmed.com\/pe\/wp-content\/uploads\/sites\/26\/2022\/04\/SinusRinse-Pediatric-StarterKit.jpg\" \/>\n\t<meta property=\"og:image:width\" content=\"1000\" \/>\n\t<meta property=\"og:image:height\" content=\"1000\" \/>\n\t<meta property=\"og:image:type\" content=\"image\/jpeg\" \/>\n<meta name=\"twitter:card\" content=\"summary_large_image\" \/>\n<meta name=\"twitter:label1\" content=\"Tiempo de lectura\" \/>\n\t<meta name=\"twitter:data1\" content=\"5 minutos\" \/>\n<script type=\"application\/ld+json\" class=\"yoast-schema-graph\">{\"@context\":\"https:\\\/\\\/schema.org\",\"@graph\":[{\"@type\":\"WebPage\",\"@id\":\"https:\\\/\\\/www.neilmed.com\\\/pe\\\/product\\\/neilmed-sinus-rinse-kit-ninos-30-sobres\\\/\",\"url\":\"https:\\\/\\\/www.neilmed.com\\\/pe\\\/product\\\/neilmed-sinus-rinse-kit-ninos-30-sobres\\\/\",\"name\":\"NeilMed Sinus Rinse Kit Ni\u00f1os 30 sobres - NeilMed Pharmaceuticals - Peru\",\"isPartOf\":{\"@id\":\"https:\\\/\\\/www.neilmed.com\\\/pe\\\/#website\"},\"primaryImageOfPage\":{\"@id\":\"https:\\\/\\\/www.neilmed.com\\\/pe\\\/product\\\/neilmed-sinus-rinse-kit-ninos-30-sobres\\\/#primaryimage\"},\"image\":{\"@id\":\"https:\\\/\\\/www.neilmed.com\\\/pe\\\/product\\\/neilmed-sinus-rinse-kit-ninos-30-sobres\\\/#primaryimage\"},\"thumbnailUrl\":\"https:\\\/\\\/www.neilmed.com\\\/pe\\\/wp-content\\\/uploads\\\/sites\\\/26\\\/2022\\\/04\\\/SinusRinse-Pediatric-StarterKit.jpg\",\"datePublished\":\"2023-08-28T02:19:02+00:00\",\"dateModified\":\"2025-06-29T12:42:14+00:00\",\"description\":\"NeilMed Sinus Rinse Pedi\u00e1trico es un kit, especialmente dise\u00f1ado para ni\u00f1os, para un sistema de lavado de gran volumen y baja presi\u00f3n de nariz y senos paranasales en base a una soluci\u00f3n salina isot\u00f3nica.\",\"breadcrumb\":{\"@id\":\"https:\\\/\\\/www.neilmed.com\\\/pe\\\/product\\\/neilmed-sinus-rinse-kit-ninos-30-sobres\\\/#breadcrumb\"},\"inLanguage\":\"es\",\"potentialAction\":[{\"@type\":\"ReadAction\",\"target\":[\"https:\\\/\\\/www.neilmed.com\\\/pe\\\/product\\\/neilmed-sinus-rinse-kit-ninos-30-sobres\\\/\"]}]},{\"@type\":\"ImageObject\",\"inLanguage\":\"es\",\"@id\":\"https:\\\/\\\/www.neilmed.com\\\/pe\\\/product\\\/neilmed-sinus-rinse-kit-ninos-30-sobres\\\/#primaryimage\",\"url\":\"https:\\\/\\\/www.neilmed.com\\\/pe\\\/wp-content\\\/uploads\\\/sites\\\/26\\\/2022\\\/04\\\/SinusRinse-Pediatric-StarterKit.jpg\",\"contentUrl\":\"https:\\\/\\\/www.neilmed.com\\\/pe\\\/wp-content\\\/uploads\\\/sites\\\/26\\\/2022\\\/04\\\/SinusRinse-Pediatric-StarterKit.jpg\",\"width\":1000,\"height\":1000},{\"@type\":\"BreadcrumbList\",\"@id\":\"https:\\\/\\\/www.neilmed.com\\\/pe\\\/product\\\/neilmed-sinus-rinse-kit-ninos-30-sobres\\\/#breadcrumb\",\"itemListElement\":[{\"@type\":\"ListItem\",\"position\":1,\"name\":\"Home\",\"item\":\"https:\\\/\\\/www.neilmed.com\\\/pe\\\/\"},{\"@type\":\"ListItem\",\"position\":2,\"name\":\"Tienda\",\"item\":\"https:\\\/\\\/www.neilmed.com\\\/pe\\\/tienda\\\/\"},{\"@type\":\"ListItem\",\"position\":3,\"name\":\"NeilMed Sinus Rinse Kit Ni\u00f1os 30 sobres\"}]},{\"@type\":\"WebSite\",\"@id\":\"https:\\\/\\\/www.neilmed.com\\\/pe\\\/#website\",\"url\":\"https:\\\/\\\/www.neilmed.com\\\/pe\\\/\",\"name\":\"NeilMed Pharmaceuticals - Peru\",\"description\":\"NeilMed Pharmaceuticals: Lider Mundial en lavado de soluciones salinas\",\"potentialAction\":[{\"@type\":\"SearchAction\",\"target\":{\"@type\":\"EntryPoint\",\"urlTemplate\":\"https:\\\/\\\/www.neilmed.com\\\/pe\\\/?s={search_term_string}\"},\"query-input\":{\"@type\":\"PropertyValueSpecification\",\"valueRequired\":true,\"valueName\":\"search_term_string\"}}],\"inLanguage\":\"es\"}]}<\/script>\n<!-- \/ Yoast SEO Premium plugin. -->","yoast_head_json":{"title":"NeilMed Sinus Rinse Kit Ni\u00f1os 30 sobres - NeilMed Pharmaceuticals - Peru","description":"NeilMed Sinus Rinse Pedi\u00e1trico es un kit, especialmente dise\u00f1ado para ni\u00f1os, para un sistema de lavado de gran volumen y baja presi\u00f3n de nariz y senos paranasales en base a una soluci\u00f3n salina isot\u00f3nica.","robots":{"index":"index","follow":"follow","max-snippet":"max-snippet:-1","max-image-preview":"max-image-preview:large","max-video-preview":"max-video-preview:-1"},"canonical":"https:\/\/www.neilmed.com\/pe\/product\/neilmed-sinus-rinse-kit-ninos-30-sobres\/","og_locale":"es_ES","og_type":"article","og_title":"NeilMed Sinus Rinse Kit Ni\u00f1os 30 sobres","og_description":"NeilMed Sinus Rinse Pedi\u00e1trico es un kit, especialmente dise\u00f1ado para ni\u00f1os, para un sistema de lavado de gran volumen y baja presi\u00f3n de nariz y senos paranasales en base a una soluci\u00f3n salina isot\u00f3nica.","og_url":"https:\/\/www.neilmed.com\/pe\/product\/neilmed-sinus-rinse-kit-ninos-30-sobres\/","og_site_name":"NeilMed Pharmaceuticals - Peru","article_modified_time":"2025-06-29T12:42:14+00:00","og_image":[{"width":1000,"height":1000,"url":"https:\/\/www.neilmed.com\/pe\/wp-content\/uploads\/sites\/26\/2022\/04\/SinusRinse-Pediatric-StarterKit.jpg","type":"image\/jpeg"}],"twitter_card":"summary_large_image","twitter_misc":{"Tiempo de lectura":"5 minutos"},"schema":{"@context":"https:\/\/schema.org","@graph":[{"@type":"WebPage","@id":"https:\/\/www.neilmed.com\/pe\/product\/neilmed-sinus-rinse-kit-ninos-30-sobres\/","url":"https:\/\/www.neilmed.com\/pe\/product\/neilmed-sinus-rinse-kit-ninos-30-sobres\/","name":"NeilMed Sinus Rinse Kit Ni\u00f1os 30 sobres - NeilMed Pharmaceuticals - Peru","isPartOf":{"@id":"https:\/\/www.neilmed.com\/pe\/#website"},"primaryImageOfPage":{"@id":"https:\/\/www.neilmed.com\/pe\/product\/neilmed-sinus-rinse-kit-ninos-30-sobres\/#primaryimage"},"image":{"@id":"https:\/\/www.neilmed.com\/pe\/product\/neilmed-sinus-rinse-kit-ninos-30-sobres\/#primaryimage"},"thumbnailUrl":"https:\/\/www.neilmed.com\/pe\/wp-content\/uploads\/sites\/26\/2022\/04\/SinusRinse-Pediatric-StarterKit.jpg","datePublished":"2023-08-28T02:19:02+00:00","dateModified":"2025-06-29T12:42:14+00:00","description":"NeilMed Sinus Rinse Pedi\u00e1trico es un kit, especialmente dise\u00f1ado para ni\u00f1os, para un sistema de lavado de gran volumen y baja presi\u00f3n de nariz y senos paranasales en base a una soluci\u00f3n salina isot\u00f3nica.","breadcrumb":{"@id":"https:\/\/www.neilmed.com\/pe\/product\/neilmed-sinus-rinse-kit-ninos-30-sobres\/#breadcrumb"},"inLanguage":"es","potentialAction":[{"@type":"ReadAction","target":["https:\/\/www.neilmed.com\/pe\/product\/neilmed-sinus-rinse-kit-ninos-30-sobres\/"]}]},{"@type":"ImageObject","inLanguage":"es","@id":"https:\/\/www.neilmed.com\/pe\/product\/neilmed-sinus-rinse-kit-ninos-30-sobres\/#primaryimage","url":"https:\/\/www.neilmed.com\/pe\/wp-content\/uploads\/sites\/26\/2022\/04\/SinusRinse-Pediatric-StarterKit.jpg","contentUrl":"https:\/\/www.neilmed.com\/pe\/wp-content\/uploads\/sites\/26\/2022\/04\/SinusRinse-Pediatric-StarterKit.jpg","width":1000,"height":1000},{"@type":"BreadcrumbList","@id":"https:\/\/www.neilmed.com\/pe\/product\/neilmed-sinus-rinse-kit-ninos-30-sobres\/#breadcrumb","itemListElement":[{"@type":"ListItem","position":1,"name":"Home","item":"https:\/\/www.neilmed.com\/pe\/"},{"@type":"ListItem","position":2,"name":"Tienda","item":"https:\/\/www.neilmed.com\/pe\/tienda\/"},{"@type":"ListItem","position":3,"name":"NeilMed Sinus Rinse Kit Ni\u00f1os 30 sobres"}]},{"@type":"WebSite","@id":"https:\/\/www.neilmed.com\/pe\/#website","url":"https:\/\/www.neilmed.com\/pe\/","name":"NeilMed Pharmaceuticals - Peru","description":"NeilMed Pharmaceuticals: Lider Mundial en lavado de soluciones salinas","potentialAction":[{"@type":"SearchAction","target":{"@type":"EntryPoint","urlTemplate":"https:\/\/www.neilmed.com\/pe\/?s={search_term_string}"},"query-input":{"@type":"PropertyValueSpecification","valueRequired":true,"valueName":"search_term_string"}}],"inLanguage":"es"}]}},"acf":[],"_links":{"self":[{"href":"https:\/\/www.neilmed.com\/pe\/wp-json\/wp\/v2\/product\/4144","targetHints":{"allow":["GET"]}}],"collection":[{"href":"https:\/\/www.neilmed.com\/pe\/wp-json\/wp\/v2\/product"}],"about":[{"href":"https:\/\/www.neilmed.com\/pe\/wp-json\/wp\/v2\/types\/product"}],"wp:featuredmedia":[{"embeddable":true,"href":"https:\/\/www.neilmed.com\/pe\/wp-json\/wp\/v2\/media\/3871"}],"wp:attachment":[{"href":"https:\/\/www.neilmed.com\/pe\/wp-json\/wp\/v2\/media?parent=4144"}],"wp:term":[{"taxonomy":"product_brand","embeddable":true,"href":"https:\/\/www.neilmed.com\/pe\/wp-json\/wp\/v2\/product_brand?post=4144"},{"taxonomy":"product_cat","embeddable":true,"href":"https:\/\/www.neilmed.com\/pe\/wp-json\/wp\/v2\/product_cat?post=4144"},{"taxonomy":"product_tag","embeddable":true,"href":"https:\/\/www.neilmed.com\/pe\/wp-json\/wp\/v2\/product_tag?post=4144"}],"curies":[{"name":"wp","href":"https:\/\/api.w.org\/{rel}","templated":true}]}}