{"id":4549,"date":"2024-03-26T11:59:28","date_gmt":"2024-03-26T16:59:28","guid":{"rendered":"https:\/\/www.neilmed.com\/pe\/?post_type=product&#038;p=4549"},"modified":"2024-03-26T12:14:10","modified_gmt":"2024-03-26T17:14:10","slug":"neilmed-nasamist","status":"publish","type":"product","link":"https:\/\/www.neilmed.com\/pe\/product\/neilmed-nasamist\/","title":{"rendered":"NeilMed NasaMist 75ml"},"content":{"rendered":"\r\n\r\n\t<p><strong>NeilMed NasaMist Spray Isot\u00f3nico 75ml<\/strong> es un spray salino calmante natural est\u00e9ril. Aplicar una fina y suave bruma en la nariz es una excelente manera de mantener h\u00famedos los conductos nasales y ayuda a aliviar las alergias nasales, la sequedad y la congesti\u00f3n. NasaMist Spray viene en concentraci\u00f3n isot\u00f3nica y pedi\u00e1trica. Los aerosoles nasales no deben confundirse con sistemas de irrigaci\u00f3n de gran volumen como NeilMed Sinus Rinse.<\/p>\r\n<strong>Usar para<\/strong><br \/>\r\nAlergias nasales y sequedad<br \/>\r\nSinusitis, Rinitis<br \/>\r\nAsma al\u00e9rgica<br \/>\r\nGoteo postnasal<br \/>\r\nPresi\u00f3n sinusal y congesti\u00f3n nasal<br \/>\r\nS\u00edntomas nasales de la gripe y el resfriado<br \/>\r\nIrritaci\u00f3n nasal por polvo dom\u00e9stico y ocupacional, humos, caspa de animales, pasto, polen, contaminantes ambientales y humo\r\n1 lata de 75 ml (2,53 onzas l\u00edquidas)<br \/>\r\nFolleto educativo e instrucciones de uso.<br \/>\r\nInstrucciones de uso y advertencias<br \/>\r\nLea la Advertencia antes de usar.\r\n<p>UTILICE SOLAMENTE SEG\u00daN LAS INSTRUCCIONES, SI LOS S\u00cdNTOMAS PERSISTEN, CONSULTE A SU M\u00c9DICO\/PROFESIONAL DE LA SALUD. LEA SIEMPRE LA ETIQUETA.<\/p>\r\n<p>Para adultos y ni\u00f1os Instrucciones para el aerosol salino NasaMist\u00ae:<\/p>\r\nEste aerosol salino sin medicamentos y que no quema ayuda a aliviar las alergias nasales, la sequedad, el goteo posnasal y la congesti\u00f3n causada por el resfriado com\u00fan o la gripe. Pediamist proporciona una caja especialmente dise\u00f1ada para beb\u00e9s y ni\u00f1os y la punta es la misma que nuestra punta de caja azul est\u00e1ndar. Comun\u00edquese con su m\u00e9dico antes de usarlo en beb\u00e9s menores de 6 meses.<br \/>\r\nPaso 1: Inserte la punta del actuador en la fosa nasal y presione suavemente hasta que se haya rociado el volumen adecuado y los conductos nasales est\u00e9n h\u00famedos.<br \/>\r\nPaso 2: Repita para la otra fosa nasal. Para beb\u00e9s y ni\u00f1os, no inserte la boquilla m\u00e1s all\u00e1 del reborde. \u00daselo tantas veces como sea necesario para hidratar.<br \/>\r\nADVERTENCIAS<br \/>\r\nSistema dise\u00f1ado para un solo usuario para reducir el riesgo de contaminaci\u00f3n.<br \/>\r\nNo bloquee ni ocluya completamente el conducto nasal durante el uso para evitar presi\u00f3n en la nariz o los o\u00eddos.<br \/>\r\nMantener fuera del alcance de los ni\u00f1os.<br \/>\r\nContenido bajo presi\u00f3n, no perforar ni incinerar.<br \/>\r\nAlmacene entre 41 \u00b0F (5 \u00b0C) y 131 \u00b0F (55 \u00b0C), fuera de la luz solar y lejos de fuentes de calor. Evite la congelaci\u00f3n<br \/>\r\nConsulte a su m\u00e9dico antes de usarlo en ni\u00f1os menores de seis meses.\r\n\r\n","protected":false},"excerpt":{"rendered":"<p>NeilMed NasaMist Spray Isot\u00f3nico 75ml es un spray salino calmante natural est\u00e9ril. Aplicar una fina y suave bruma en la nariz es una excelente manera de mantener h\u00famedos los conductos nasales y ayuda a aliviar las alergias nasales, la sequedad y la congesti\u00f3n. NasaMist Spray viene en concentraci\u00f3n isot\u00f3nica y pedi\u00e1trica. Los aerosoles nasales no&hellip;<\/p>\n","protected":false},"featured_media":4551,"template":"","meta":{"_acf_changed":false,"inline_featured_image":false},"product_brand":[],"product_cat":[51],"product_tag":[],"class_list":{"0":"post-4549","1":"product","2":"type-product","3":"status-publish","4":"has-post-thumbnail","6":"product_cat-lavado-nasal","8":"first","9":"instock","10":"purchasable","11":"product-type-simple"},"yoast_head":"<!-- This site is optimized with the Yoast SEO Premium plugin v27.2 (Yoast SEO v27.3) - https:\/\/yoast.com\/product\/yoast-seo-premium-wordpress\/ -->\n<title>NeilMed NasaMist 75ml - NeilMed Pharmaceuticals - Peru<\/title>\n<meta name=\"description\" content=\"NeilMed Nasamist Spray Nasal de soluci\u00f3n salina que ayuda aliviar las alergias, irritaci\u00f3n nasal, sequedad y la congesti\u00f3n. Para adultos y ni\u00f1os.\" \/>\n<meta name=\"robots\" content=\"index, follow, max-snippet:-1, max-image-preview:large, max-video-preview:-1\" \/>\n<link rel=\"canonical\" href=\"https:\/\/www.neilmed.com\/pe\/product\/neilmed-nasamist\/\" \/>\n<meta property=\"og:locale\" content=\"es_ES\" \/>\n<meta property=\"og:type\" content=\"article\" \/>\n<meta property=\"og:title\" content=\"NeilMed NasaMist 75ml\" \/>\n<meta property=\"og:description\" content=\"NeilMed Nasamist Spray Nasal de soluci\u00f3n salina que ayuda aliviar las alergias, irritaci\u00f3n nasal, sequedad y la congesti\u00f3n. Para adultos y ni\u00f1os.\" \/>\n<meta property=\"og:url\" content=\"https:\/\/www.neilmed.com\/pe\/product\/neilmed-nasamist\/\" \/>\n<meta property=\"og:site_name\" content=\"NeilMed Pharmaceuticals - Peru\" \/>\n<meta property=\"article:modified_time\" content=\"2024-03-26T17:14:10+00:00\" \/>\n<meta property=\"og:image\" content=\"https:\/\/www.neilmed.com\/pe\/wp-content\/uploads\/sites\/26\/2024\/03\/NEILMED-NASAMIST-LAVADO-NASAL.jpg\" \/>\n\t<meta property=\"og:image:width\" content=\"1500\" \/>\n\t<meta property=\"og:image:height\" content=\"1500\" \/>\n\t<meta property=\"og:image:type\" content=\"image\/jpeg\" \/>\n<meta name=\"twitter:card\" content=\"summary_large_image\" \/>\n<meta name=\"twitter:label1\" content=\"Tiempo de lectura\" \/>\n\t<meta name=\"twitter:data1\" content=\"2 minutos\" \/>\n<script type=\"application\/ld+json\" class=\"yoast-schema-graph\">{\"@context\":\"https:\\\/\\\/schema.org\",\"@graph\":[{\"@type\":\"WebPage\",\"@id\":\"https:\\\/\\\/www.neilmed.com\\\/pe\\\/product\\\/neilmed-nasamist\\\/\",\"url\":\"https:\\\/\\\/www.neilmed.com\\\/pe\\\/product\\\/neilmed-nasamist\\\/\",\"name\":\"NeilMed NasaMist 75ml - NeilMed Pharmaceuticals - Peru\",\"isPartOf\":{\"@id\":\"https:\\\/\\\/www.neilmed.com\\\/pe\\\/#website\"},\"primaryImageOfPage\":{\"@id\":\"https:\\\/\\\/www.neilmed.com\\\/pe\\\/product\\\/neilmed-nasamist\\\/#primaryimage\"},\"image\":{\"@id\":\"https:\\\/\\\/www.neilmed.com\\\/pe\\\/product\\\/neilmed-nasamist\\\/#primaryimage\"},\"thumbnailUrl\":\"https:\\\/\\\/www.neilmed.com\\\/pe\\\/wp-content\\\/uploads\\\/sites\\\/26\\\/2024\\\/03\\\/NEILMED-NASAMIST-LAVADO-NASAL.jpg\",\"datePublished\":\"2024-03-26T16:59:28+00:00\",\"dateModified\":\"2024-03-26T17:14:10+00:00\",\"description\":\"NeilMed Nasamist Spray Nasal de soluci\u00f3n salina que ayuda aliviar las alergias, irritaci\u00f3n nasal, sequedad y la congesti\u00f3n. Para adultos y ni\u00f1os.\",\"breadcrumb\":{\"@id\":\"https:\\\/\\\/www.neilmed.com\\\/pe\\\/product\\\/neilmed-nasamist\\\/#breadcrumb\"},\"inLanguage\":\"es\",\"potentialAction\":[{\"@type\":\"ReadAction\",\"target\":[\"https:\\\/\\\/www.neilmed.com\\\/pe\\\/product\\\/neilmed-nasamist\\\/\"]}]},{\"@type\":\"ImageObject\",\"inLanguage\":\"es\",\"@id\":\"https:\\\/\\\/www.neilmed.com\\\/pe\\\/product\\\/neilmed-nasamist\\\/#primaryimage\",\"url\":\"https:\\\/\\\/www.neilmed.com\\\/pe\\\/wp-content\\\/uploads\\\/sites\\\/26\\\/2024\\\/03\\\/NEILMED-NASAMIST-LAVADO-NASAL.jpg\",\"contentUrl\":\"https:\\\/\\\/www.neilmed.com\\\/pe\\\/wp-content\\\/uploads\\\/sites\\\/26\\\/2024\\\/03\\\/NEILMED-NASAMIST-LAVADO-NASAL.jpg\",\"width\":1500,\"height\":1500},{\"@type\":\"BreadcrumbList\",\"@id\":\"https:\\\/\\\/www.neilmed.com\\\/pe\\\/product\\\/neilmed-nasamist\\\/#breadcrumb\",\"itemListElement\":[{\"@type\":\"ListItem\",\"position\":1,\"name\":\"Home\",\"item\":\"https:\\\/\\\/www.neilmed.com\\\/pe\\\/\"},{\"@type\":\"ListItem\",\"position\":2,\"name\":\"Tienda\",\"item\":\"https:\\\/\\\/www.neilmed.com\\\/pe\\\/tienda\\\/\"},{\"@type\":\"ListItem\",\"position\":3,\"name\":\"NeilMed NasaMist 75ml\"}]},{\"@type\":\"WebSite\",\"@id\":\"https:\\\/\\\/www.neilmed.com\\\/pe\\\/#website\",\"url\":\"https:\\\/\\\/www.neilmed.com\\\/pe\\\/\",\"name\":\"NeilMed Pharmaceuticals - Peru\",\"description\":\"NeilMed Pharmaceuticals: Lider Mundial en lavado de soluciones salinas\",\"potentialAction\":[{\"@type\":\"SearchAction\",\"target\":{\"@type\":\"EntryPoint\",\"urlTemplate\":\"https:\\\/\\\/www.neilmed.com\\\/pe\\\/?s={search_term_string}\"},\"query-input\":{\"@type\":\"PropertyValueSpecification\",\"valueRequired\":true,\"valueName\":\"search_term_string\"}}],\"inLanguage\":\"es\"}]}<\/script>\n<!-- \/ Yoast SEO Premium plugin. -->","yoast_head_json":{"title":"NeilMed NasaMist 75ml - NeilMed Pharmaceuticals - Peru","description":"NeilMed Nasamist Spray Nasal de soluci\u00f3n salina que ayuda aliviar las alergias, irritaci\u00f3n nasal, sequedad y la congesti\u00f3n. Para adultos y ni\u00f1os.","robots":{"index":"index","follow":"follow","max-snippet":"max-snippet:-1","max-image-preview":"max-image-preview:large","max-video-preview":"max-video-preview:-1"},"canonical":"https:\/\/www.neilmed.com\/pe\/product\/neilmed-nasamist\/","og_locale":"es_ES","og_type":"article","og_title":"NeilMed NasaMist 75ml","og_description":"NeilMed Nasamist Spray Nasal de soluci\u00f3n salina que ayuda aliviar las alergias, irritaci\u00f3n nasal, sequedad y la congesti\u00f3n. Para adultos y ni\u00f1os.","og_url":"https:\/\/www.neilmed.com\/pe\/product\/neilmed-nasamist\/","og_site_name":"NeilMed Pharmaceuticals - Peru","article_modified_time":"2024-03-26T17:14:10+00:00","og_image":[{"width":1500,"height":1500,"url":"https:\/\/www.neilmed.com\/pe\/wp-content\/uploads\/sites\/26\/2024\/03\/NEILMED-NASAMIST-LAVADO-NASAL.jpg","type":"image\/jpeg"}],"twitter_card":"summary_large_image","twitter_misc":{"Tiempo de lectura":"2 minutos"},"schema":{"@context":"https:\/\/schema.org","@graph":[{"@type":"WebPage","@id":"https:\/\/www.neilmed.com\/pe\/product\/neilmed-nasamist\/","url":"https:\/\/www.neilmed.com\/pe\/product\/neilmed-nasamist\/","name":"NeilMed NasaMist 75ml - NeilMed Pharmaceuticals - Peru","isPartOf":{"@id":"https:\/\/www.neilmed.com\/pe\/#website"},"primaryImageOfPage":{"@id":"https:\/\/www.neilmed.com\/pe\/product\/neilmed-nasamist\/#primaryimage"},"image":{"@id":"https:\/\/www.neilmed.com\/pe\/product\/neilmed-nasamist\/#primaryimage"},"thumbnailUrl":"https:\/\/www.neilmed.com\/pe\/wp-content\/uploads\/sites\/26\/2024\/03\/NEILMED-NASAMIST-LAVADO-NASAL.jpg","datePublished":"2024-03-26T16:59:28+00:00","dateModified":"2024-03-26T17:14:10+00:00","description":"NeilMed Nasamist Spray Nasal de soluci\u00f3n salina que ayuda aliviar las alergias, irritaci\u00f3n nasal, sequedad y la congesti\u00f3n. Para adultos y ni\u00f1os.","breadcrumb":{"@id":"https:\/\/www.neilmed.com\/pe\/product\/neilmed-nasamist\/#breadcrumb"},"inLanguage":"es","potentialAction":[{"@type":"ReadAction","target":["https:\/\/www.neilmed.com\/pe\/product\/neilmed-nasamist\/"]}]},{"@type":"ImageObject","inLanguage":"es","@id":"https:\/\/www.neilmed.com\/pe\/product\/neilmed-nasamist\/#primaryimage","url":"https:\/\/www.neilmed.com\/pe\/wp-content\/uploads\/sites\/26\/2024\/03\/NEILMED-NASAMIST-LAVADO-NASAL.jpg","contentUrl":"https:\/\/www.neilmed.com\/pe\/wp-content\/uploads\/sites\/26\/2024\/03\/NEILMED-NASAMIST-LAVADO-NASAL.jpg","width":1500,"height":1500},{"@type":"BreadcrumbList","@id":"https:\/\/www.neilmed.com\/pe\/product\/neilmed-nasamist\/#breadcrumb","itemListElement":[{"@type":"ListItem","position":1,"name":"Home","item":"https:\/\/www.neilmed.com\/pe\/"},{"@type":"ListItem","position":2,"name":"Tienda","item":"https:\/\/www.neilmed.com\/pe\/tienda\/"},{"@type":"ListItem","position":3,"name":"NeilMed NasaMist 75ml"}]},{"@type":"WebSite","@id":"https:\/\/www.neilmed.com\/pe\/#website","url":"https:\/\/www.neilmed.com\/pe\/","name":"NeilMed Pharmaceuticals - Peru","description":"NeilMed Pharmaceuticals: Lider Mundial en lavado de soluciones salinas","potentialAction":[{"@type":"SearchAction","target":{"@type":"EntryPoint","urlTemplate":"https:\/\/www.neilmed.com\/pe\/?s={search_term_string}"},"query-input":{"@type":"PropertyValueSpecification","valueRequired":true,"valueName":"search_term_string"}}],"inLanguage":"es"}]}},"acf":[],"_links":{"self":[{"href":"https:\/\/www.neilmed.com\/pe\/wp-json\/wp\/v2\/product\/4549","targetHints":{"allow":["GET"]}}],"collection":[{"href":"https:\/\/www.neilmed.com\/pe\/wp-json\/wp\/v2\/product"}],"about":[{"href":"https:\/\/www.neilmed.com\/pe\/wp-json\/wp\/v2\/types\/product"}],"wp:featuredmedia":[{"embeddable":true,"href":"https:\/\/www.neilmed.com\/pe\/wp-json\/wp\/v2\/media\/4551"}],"wp:attachment":[{"href":"https:\/\/www.neilmed.com\/pe\/wp-json\/wp\/v2\/media?parent=4549"}],"wp:term":[{"taxonomy":"product_brand","embeddable":true,"href":"https:\/\/www.neilmed.com\/pe\/wp-json\/wp\/v2\/product_brand?post=4549"},{"taxonomy":"product_cat","embeddable":true,"href":"https:\/\/www.neilmed.com\/pe\/wp-json\/wp\/v2\/product_cat?post=4549"},{"taxonomy":"product_tag","embeddable":true,"href":"https:\/\/www.neilmed.com\/pe\/wp-json\/wp\/v2\/product_tag?post=4549"}],"curies":[{"name":"wp","href":"https:\/\/api.w.org\/{rel}","templated":true}]}}