{"id":263,"date":"2022-03-10T10:45:16","date_gmt":"2022-03-10T18:45:16","guid":{"rendered":"https:\/\/dev.neilmed.com\/sg\/?page_id=263"},"modified":"2022-03-10T10:45:16","modified_gmt":"2022-03-10T18:45:16","slug":"medical-publications","status":"publish","type":"page","link":"https:\/\/www.neilmed.com\/sg\/medical-publications\/","title":{"rendered":"Medical Publications"},"content":{"rendered":"\n\n\t<span><span><a href=\"https:\/\/www.neilmed.com\/sg\/\">Home<\/a><\/span><\/span>\n\t<p>Browse the medical publications below to learn more about saline nasal irrigation, and how it can help relieve sinusitis and rhinosinusitis.<\/p>\n\t<h2><strong>Management of Allergic Rhinitis Patients With Nasal Steroids and NeilMed<sup>&reg;<\/sup> Sinus Rinse&trade; System With Isotonic Saline.\u00a0<\/strong><\/h2>\n<p>Dr. Shaun A. Nguyen &amp; Dr. Rodney J. Schlosser, Medical University of South Carolina<\/p>\n<p>The purpose of this study is to compare quality of life outcomes in patients who continue medical treatment plus the use of the NeilMed Sinus Rinse low-pressure pump with saline.<\/p>\n\t\t\t<a href=\"https:\/\/clinicaltrials.gov\/ct2\/show\/NCT01030146?term=nct01030146&amp;rank=1\" target=\"_blank\" role=\"button\" rel=\"noopener\">\n\t\t\t\t\t\t\tRead More\n\t\t\t<\/a>\n\t<h2><strong>Role of saline nasal irrigation in the treatment of chronic rhinosinusitis<\/strong><\/h2>\n<p>Author: Dr. Brindusa Petrutescu, MD, Allergology and Clinical Immunology, Bucharest, Romania<\/p>\n<p>Use of saline nasal cleansing as non-drug treatment in many diseases of the nose and sinuses is not a novel concept. In yoga tradition and homeopathic medicine nasal lavage is a ritual, along with daily teeth-brushing.<\/p>\n\t\t\t<a href=\"https:\/\/www.neilmed.com\/articles\/nasal_saline_irrigation_10oct2013.pdf\" target=\"_blank\" role=\"button\" rel=\"noopener\">\n\t\t\t\t\t\t\tRead More\n\t\t\t<\/a>\n\t<h2><strong>Rhinology<\/strong><\/h2>\n<p>Validation of the Sino-Nasal Outcome Test 20 (SNOT-20) domains in nonsurgical patients<\/p>\n<p>Melissa A. Pynnonen, M.D., H. Myra Kim, Sc.D. and Jeffrey E. Terrell, M.D.<\/p>\n<p>Subscales identified differences in the impact of two medical interventions on chronic sinonasal symptoms. Reporting subscale scores might improve the precision of the SNOT-20 instrument, allowing discrimination between various treatments and their differential impact on sinonasal quality of life.<\/p>\n\t\t\t<a href=\"https:\/\/www.neilmed.com\/articles\/snot20.pdf\" target=\"_blank\" role=\"button\" rel=\"noopener\">\n\t\t\t\t\t\t\tRead More\n\t\t\t<\/a>\n\t<h2><strong>FAMILY PRACTICE JOURNAL &#8211; Saline irrigation spells relief for sinusitis sufferers<\/strong><\/h2>\n<p>Encourage patients with chronic rhinosinusitis to try this simple approach, January 2009 (Vol. 58, No. 1)<\/p>\n<p>Mari Egan, MD, MHPE; John Hickner, MD, MS. Department of Family Medicine, The University of Chicago<\/p>\n<p>Otolaryngologists recommend saline irrigation after sinus surgery to clear secretions, debris, and crusts; reduce the risk of postoperative mucosal adhesions; and expedite mucosal healing. Saline irrigation is also gaining popularity as an alternative approach to chronic sinusitis symptom relief, and several randomized controlled trials (RCTs) have demonstrated both objective and subjective efficacy of this treatment for sinonasal disease.<\/p>\n\t\t\t<a href=\"https:\/\/www.neilmed.com\/articles\/endoscopic.pdf\" target=\"_blank\" role=\"button\" rel=\"noopener\">\n\t\t\t\t\t\t\tRead More\n\t\t\t<\/a>\n\t<h2><strong>AAOHNS &#8211; Effects of endoscopic sinus surgery and delivery device on cadaver sinus irrigation<\/strong><\/h2>\n<p>Otolaryngology-Head and Neck Surgery (2008) 139, 137-142.ORIGINAL RESEARCH-SINONASAL DISORDERS<\/p>\n<p>Richard J. Harvey, MD, John C. Goddard, MD, Sarah K. Wise, MD, and Rodney J. Schlosser, MD, Charleston, SC; and Atlanta, GA<\/p>\n<p>ESS greatly enhances the delivery of nasal solutions, regardless of delivery device. Pressurized spray solutions in un-operated sinuses provide little more than nasal cavity distribution. Use of squeeze bottle\/neti pot post-ESS offers a greatly enhanced ability to deliver solutions to the paranasal sinuses.<\/p>\n\t\t\t<a href=\"https:\/\/www.neilmed.com\/articles\/familypractice.pdf\" target=\"_blank\" role=\"button\" rel=\"noopener\">\n\t\t\t\t\t\t\tRead More\n\t\t\t<\/a>\n\t<h2><strong>Archives of Otolaryngology-Head &amp; Neck Surgery-Nov 2007<\/strong><\/h2>\n<p>Nasal Saline for Chronic Sinonasal Symptoms &#8211; A Randomized Controlled Trial<\/p>\n<p>Melissa A. Pynnonen, MD; Shraddha S. Mukerji, MD; H. Myra Kim, ScD; Meredith E. Adams, MD; Jeffrey E. Terrell, MD<\/p>\n<p>Nasal irrigations performed with large volume and delivered with low positive pressure (NeilMed Sinus Rinse) are more effective than saline sprays for treatment of chronic nasal and sinus symptoms in a community based population.<\/p>\n\t\t\t<a href=\"https:\/\/www.neilmed.com\/articles\/familypractice.pdf\" target=\"_blank\" role=\"button\" rel=\"noopener\">\n\t\t\t\t\t\t\tRead More\n\t\t\t<\/a>\n\t<h2><strong>Dr. Mehta&#8217;s Brochure on Saline Irrigation, Allergies and Sinus Disease<\/strong><\/h2>\n<p>I am a practicing physician in the field of pulmonary and critical care medicine. I suffered for several years from chronic sinus disease. After being evaluated by an Allergist and Ear, Nose, and Throat specialist, I had corrective surgeries on my sinuses. Of all the treatments tried for controlling and curing my symptoms of sinus disease, the one I found to work the best was a saline nasal rinse.<\/p>\n\t\t\t<a href=\"https:\/\/www.neilmed.com\/sg\/download-brochure\/\" target=\"_self\" role=\"button\" rel=\"noopener\">\n\t\t\t\t\t\t\tRead More\n\t\t\t<\/a>\n\t<h2><strong>Laryngoscope Journal Article-September 2008<\/strong><\/h2>\n<p>Pre- and Postoperative Sinus Penetration of Nasal Irrigation<\/p>\n<p>Alethea Grobler, MBBS; Erik K. Weitzel, MD; Achim Buele, MD; Camille Jardeleza, MD; Yew C. Cheong, MD; John Field, PhD, AStat; Peter-John Wormald, MD, FRACS<\/p>\n<p>Unoperated sinuses or cases with gross sinus ostial obstruction will not be reliably penetrated by sinus irrigant. A 3.95-mm ostial diameter seems to be the minimum size to guarantee penetration in paranasal sinuses to maximize the potential for topical sinus treatment.<\/p>\n\t\t\t<a href=\"https:\/\/www.neilmed.com\/articles\/laryngoscope_sept08.pdf\" target=\"_blank\" role=\"button\" rel=\"noopener\">\n\t\t\t\t\t\t\tRead More\n\t\t\t<\/a>\n\t<h2><strong>Laryngoscope<\/strong><\/h2>\n<p>Nasal Lavage With Mupirocin for the Treatment of Surgically Recalcitrant Chronic Rhinosinusitis<\/p>\n<p>Brent Uren, FRACS; Alkis Psaltis, MBBS; Peter-John Wormald, MD<\/p>\n<p>Nasal lavage with a mupirocin solution may represent an effective alternative to manage patients with recalcitrant CRS due to SA infection. It is well tolerated and involves reduced treatment related morbidity when compared with standard oral or systemic drug delivery. Further research is needed to better understand the pharmacodynamics of topical drug use in the sinonasal cavities.<\/p>\n\t\t\t<a href=\"https:\/\/www.neilmed.com\/articles\/laryngoscope2008.pdf\" target=\"_blank\" role=\"button\" rel=\"noopener\">\n\t\t\t\t\t\t\tRead More\n\t\t\t<\/a>\n\t<h2><strong>Laryngoscope Journal Article &#8211; Aug 2002<\/strong><\/h2>\n<p>Radiographic Comparison of Three Methods for Nasal Saline Irrigation<\/p>\n<p>David E. L. Olson, MD; Barry M. Rasgon, MD; Raymond L. Hilsinger, Jr., MD<\/p>\n<p>Three different methods of nasal irrigations were compared; positive pressure (NeilMed Sinus Rinse), negative pressure and the nebulizer method. Study concluded that irrigations performed by positive pressure penetrated into the ethmoid and maxillary sinuses more consistently than other methods of irrigation.<\/p>\n\t\t\t<a href=\"https:\/\/www.neilmed.com\/articles\/laryngoscope2004.pdf\" target=\"_blank\" role=\"button\" rel=\"noopener\">\n\t\t\t\t\t\t\tRead More\n\t\t\t<\/a>\n\t<h2><strong>Rhinology &#8211; Baby shampoo nasal irrigations<\/strong><\/h2>\n<p>Baby shampoo nasal irrigations for the symptomatic post-functional endoscopic sinus surgery patient<\/p>\n<p>Alexander G. Chiu, M.D., James N. Palmer, M.D., Bradford A. Woodworth, M.D., Laurel Doghramji, R.N., Michael B. Cohen, B.A., Anthony Prince, B.A., and Noam A. Cohen, M.D., Ph.D.<\/p>\n<p>Baby shampoo nasal irrigation has promise as an inexpensive, tolerable adjuvant to conventional medical therapies for symptomatic patients after FESS. Its greatest benefit may be in improving symptoms of thickened nasal discharge and postnasal drainage.<\/p>\n\t\t\t<a href=\"https:\/\/www.neilmed.com\/articles\/babyshampoo.pdf\" target=\"_blank\" role=\"button\" rel=\"noopener\">\n\t\t\t\t\t\t\tRead More\n\t\t\t<\/a>\n\t<h2><strong>The Lancet &#8211; Rhinitis and onset of asthma: a longitudinal population-based study<\/strong><\/h2>\n<p>Rafea Shaaban, Mahmoud Zureik, David Soussan, Catherine Neukirch, Joachim Heinrich, Jordi Sunyer, Matthias Wjst, Isa Cerveri, Isabelle Pin , Jean Bousquet, Deborah Jarvis, Peter G Burney, Fran\u00e7oise Neukirch, B\u00e9n\u00e9dicte Leynaert<\/p>\n<p>A close relation between asthma and allergic rhinitis has been reported by several epidemiological and clinical studies. However, the nature of this relation remains unclear. We used the follow-up data from the European Community Respiratory Health Survey to investigate the onset of asthma in patients with allergic and non-allergic rhinitis during an 8\u00b78-year period.<\/p>\n\t\t\t<a href=\"https:\/\/www.neilmed.com\/articles\/lancet_asthma.pdf\" target=\"_blank\" role=\"button\" rel=\"noopener\">\n\t\t\t\t\t\t\tRead More\n\t\t\t<\/a>\n\t<h2><strong>Irish Medical Treatment &#8211; Allergic rhinitis: new insights, new therapies<\/strong><\/h2>\n<p>Dr. Paul Carson | 02 April 2008 | Eye, Ear, Nose &amp; Throat<\/p>\n<p>Dr. Paul Carson on how his investment in fibre optic technology has provided some new perspectives on allergic rhinitis and the importance of managing the condition At the risk of boring you about a topic many dismiss as trivial, may&#8230;<\/p>\n\t\t\t<a href=\"https:\/\/www.neilmed.com\/articles\/imt_apr08.pdf\" target=\"_blank\" role=\"button\" rel=\"noopener\">\n\t\t\t\t\t\t\tRead More\n\t\t\t<\/a>\n\t<h2><strong>General Medical Literature Review on Saline Nasal Irrigation<\/strong><\/h2>\n<p>Nasal irrigations are often mentioned as adjunctive measures in treating many sinonasal conditions. Despite their widespread use, much mystique and uncertainty exist about the indications and therapeutic mechanisms of nasal irrigations. Anecdotal evidence and poorly controlled studies add to the confusion. Recent evidence challenges some of the assumptions underlying the use of nasal irrigations.<\/p>\n\t\t\t<a href=\"https:\/\/www.neilmed.com\/sg\/medical-articles-literatures\/\" target=\"_self\" role=\"button\" rel=\"noopener\">\n\t\t\t\t\t\t\tRead More\n\t\t\t<\/a>\n\t<h2><strong>Newspaper and other Medical Publications<\/strong><\/h2>\n<p>Newspaper and other media Publications presenting on NeilMed Sinus Rinse line of Products<\/p>\n<p>&nbsp;<\/p>\n\t\t\t<a href=\"https:\/\/archive.boston.com\/news\/globe\/health_science\/articles\/2003\/12\/30\/keeping_your_nose_clean\/\" target=\"_blank\" role=\"button\" rel=\"noopener\">\n\t\t\t\t\t\t\tRead More\n\t\t\t<\/a>\n\t\t<h3>Get That Clean Nose Feeling<\/h3>\n\t\t\t<a href=\"https:\/\/shop.neilmed.com\/\" target=\"_self\" role=\"button\" rel=\"noopener\">\n\t\t\t\t\t\t\tOrder Now\n\t\t\t<\/a>\n\t\t\t\t<img loading=\"lazy\" decoding=\"async\" src=\"https:\/\/www.neilmed.com\/sg\/wp-content\/uploads\/sites\/8\/2022\/04\/mail-icon-newsletter.svg\" alt=\"mail-icon-newsletter\" height=\"0\" width=\"0\" title=\"mail-icon-newsletter\" \/>\n<h2>\n\t\tJoin Our Newsletter\n\t<\/h2>\n\t<p>Join our mailing list to stay up to date the the latest information on special offers, promotions, medical literatures, and publications.<\/p>\n\t\n          \n      <button type=\"submit\" name=\"commit\" id=\"Subscribe\">\n        Subscribe\n        Go\n      <\/button>\n\n","protected":false},"excerpt":{"rendered":"<p>Browse the medical publications below to learn more about saline nasal irrigation, and how it can help relieve sinusitis and rhinosinusitis. Management of Allergic Rhinitis Patients With Nasal Steroids and NeilMed&reg; Sinus Rinse&trade; System With Isotonic Saline.\u00a0 Dr. Shaun A. Nguyen &amp; Dr. Rodney J. Schlosser, Medical University of South Carolina The purpose of this&hellip;<\/p>\n","protected":false},"author":1,"featured_media":1519,"parent":0,"menu_order":10,"comment_status":"closed","ping_status":"closed","template":"","meta":{"_acf_changed":false,"inline_featured_image":false,"footnotes":""},"categories":[5,23,25,24],"tags":[],"class_list":["post-263","page","type-page","status-publish","has-post-thumbnail","hentry","category-about","category-medical-professionals-pharmacists","category-pharmacists","category-physicians"],"yoast_head":"<!-- This site is optimized with the Yoast SEO Premium plugin v27.2 (Yoast SEO v27.3) - https:\/\/yoast.com\/product\/yoast-seo-premium-wordpress\/ -->\n<title>Medical Publications - NeilMed Pharmaceuticals - Singapore<\/title>\n<meta name=\"description\" content=\"Browse medical publications to learn more about saline nasal irrigation, and how it can help relieve sinusitis and rhinosinusitis.\" \/>\n<meta name=\"robots\" content=\"index, follow, max-snippet:-1, max-image-preview:large, max-video-preview:-1\" \/>\n<link rel=\"canonical\" href=\"https:\/\/www.neilmed.com\/sg\/medical-publications\/\" \/>\n<meta property=\"og:locale\" content=\"en_US\" \/>\n<meta property=\"og:type\" content=\"article\" \/>\n<meta property=\"og:title\" content=\"Medical Publications\" \/>\n<meta property=\"og:description\" content=\"Browse medical publications to learn more about saline nasal irrigation, and how it can help relieve sinusitis and rhinosinusitis.\" \/>\n<meta property=\"og:url\" content=\"https:\/\/www.neilmed.com\/sg\/medical-publications\/\" \/>\n<meta property=\"og:site_name\" content=\"NeilMed Pharmaceuticals - Singapore\" \/>\n<meta property=\"og:image\" content=\"https:\/\/www.neilmed.com\/sg\/wp-content\/uploads\/sites\/8\/2022\/03\/medical-literatures-scaled.jpeg\" \/>\n\t<meta property=\"og:image:width\" content=\"2560\" \/>\n\t<meta property=\"og:image:height\" content=\"2560\" \/>\n\t<meta property=\"og:image:type\" content=\"image\/jpeg\" \/>\n<meta name=\"twitter:card\" content=\"summary_large_image\" \/>\n<meta name=\"twitter:label1\" content=\"Est. reading time\" \/>\n\t<meta name=\"twitter:data1\" content=\"6 minutes\" \/>\n<script type=\"application\/ld+json\" class=\"yoast-schema-graph\">{\"@context\":\"https:\\\/\\\/schema.org\",\"@graph\":[{\"@type\":\"WebPage\",\"@id\":\"https:\\\/\\\/www.neilmed.com\\\/sg\\\/medical-publications\\\/\",\"url\":\"https:\\\/\\\/www.neilmed.com\\\/sg\\\/medical-publications\\\/\",\"name\":\"Medical Publications - NeilMed Pharmaceuticals - Singapore\",\"isPartOf\":{\"@id\":\"https:\\\/\\\/www.neilmed.com\\\/sg\\\/#website\"},\"primaryImageOfPage\":{\"@id\":\"https:\\\/\\\/www.neilmed.com\\\/sg\\\/medical-publications\\\/#primaryimage\"},\"image\":{\"@id\":\"https:\\\/\\\/www.neilmed.com\\\/sg\\\/medical-publications\\\/#primaryimage\"},\"thumbnailUrl\":\"https:\\\/\\\/www.neilmed.com\\\/sg\\\/wp-content\\\/uploads\\\/sites\\\/8\\\/2022\\\/03\\\/medical-literatures-scaled.jpeg\",\"datePublished\":\"2022-03-10T18:45:16+00:00\",\"description\":\"Browse medical publications to learn more about saline nasal irrigation, and how it can help relieve sinusitis and rhinosinusitis.\",\"breadcrumb\":{\"@id\":\"https:\\\/\\\/www.neilmed.com\\\/sg\\\/medical-publications\\\/#breadcrumb\"},\"inLanguage\":\"en-US\",\"potentialAction\":[{\"@type\":\"ReadAction\",\"target\":[\"https:\\\/\\\/www.neilmed.com\\\/sg\\\/medical-publications\\\/\"]}]},{\"@type\":\"ImageObject\",\"inLanguage\":\"en-US\",\"@id\":\"https:\\\/\\\/www.neilmed.com\\\/sg\\\/medical-publications\\\/#primaryimage\",\"url\":\"https:\\\/\\\/www.neilmed.com\\\/sg\\\/wp-content\\\/uploads\\\/sites\\\/8\\\/2022\\\/03\\\/medical-literatures-scaled.jpeg\",\"contentUrl\":\"https:\\\/\\\/www.neilmed.com\\\/sg\\\/wp-content\\\/uploads\\\/sites\\\/8\\\/2022\\\/03\\\/medical-literatures-scaled.jpeg\",\"width\":2560,\"height\":2560,\"caption\":\"An overhead closeup shot of open books of literature - perfect for background\"},{\"@type\":\"BreadcrumbList\",\"@id\":\"https:\\\/\\\/www.neilmed.com\\\/sg\\\/medical-publications\\\/#breadcrumb\",\"itemListElement\":[{\"@type\":\"ListItem\",\"position\":1,\"name\":\"Home\",\"item\":\"https:\\\/\\\/www.neilmed.com\\\/sg\\\/\"},{\"@type\":\"ListItem\",\"position\":2,\"name\":\"Medical Professionals &amp; Pharmacists\",\"item\":\"https:\\\/\\\/www.neilmed.com\\\/sg\\\/category\\\/medical-professionals-pharmacists\\\/\"},{\"@type\":\"ListItem\",\"position\":3,\"name\":\"Medical Publications\"}]},{\"@type\":\"WebSite\",\"@id\":\"https:\\\/\\\/www.neilmed.com\\\/sg\\\/#website\",\"url\":\"https:\\\/\\\/www.neilmed.com\\\/sg\\\/\",\"name\":\"NeilMed Pharmaceuticals - Singapore\",\"description\":\"NeilMed Pharmaceuticals: world leader in nasal saline irrigation system | Sinus Rinse | Neti Pot | Nasal Irrigation\",\"potentialAction\":[{\"@type\":\"SearchAction\",\"target\":{\"@type\":\"EntryPoint\",\"urlTemplate\":\"https:\\\/\\\/www.neilmed.com\\\/sg\\\/?s={search_term_string}\"},\"query-input\":{\"@type\":\"PropertyValueSpecification\",\"valueRequired\":true,\"valueName\":\"search_term_string\"}}],\"inLanguage\":\"en-US\"}]}<\/script>\n<!-- \/ Yoast SEO Premium plugin. -->","yoast_head_json":{"title":"Medical Publications - NeilMed Pharmaceuticals - Singapore","description":"Browse medical publications to learn more about saline nasal irrigation, and how it can help relieve sinusitis and rhinosinusitis.","robots":{"index":"index","follow":"follow","max-snippet":"max-snippet:-1","max-image-preview":"max-image-preview:large","max-video-preview":"max-video-preview:-1"},"canonical":"https:\/\/www.neilmed.com\/sg\/medical-publications\/","og_locale":"en_US","og_type":"article","og_title":"Medical Publications","og_description":"Browse medical publications to learn more about saline nasal irrigation, and how it can help relieve sinusitis and rhinosinusitis.","og_url":"https:\/\/www.neilmed.com\/sg\/medical-publications\/","og_site_name":"NeilMed Pharmaceuticals - Singapore","og_image":[{"width":2560,"height":2560,"url":"https:\/\/www.neilmed.com\/sg\/wp-content\/uploads\/sites\/8\/2022\/03\/medical-literatures-scaled.jpeg","type":"image\/jpeg"}],"twitter_card":"summary_large_image","twitter_misc":{"Est. reading time":"6 minutes"},"schema":{"@context":"https:\/\/schema.org","@graph":[{"@type":"WebPage","@id":"https:\/\/www.neilmed.com\/sg\/medical-publications\/","url":"https:\/\/www.neilmed.com\/sg\/medical-publications\/","name":"Medical Publications - NeilMed Pharmaceuticals - Singapore","isPartOf":{"@id":"https:\/\/www.neilmed.com\/sg\/#website"},"primaryImageOfPage":{"@id":"https:\/\/www.neilmed.com\/sg\/medical-publications\/#primaryimage"},"image":{"@id":"https:\/\/www.neilmed.com\/sg\/medical-publications\/#primaryimage"},"thumbnailUrl":"https:\/\/www.neilmed.com\/sg\/wp-content\/uploads\/sites\/8\/2022\/03\/medical-literatures-scaled.jpeg","datePublished":"2022-03-10T18:45:16+00:00","description":"Browse medical publications to learn more about saline nasal irrigation, and how it can help relieve sinusitis and rhinosinusitis.","breadcrumb":{"@id":"https:\/\/www.neilmed.com\/sg\/medical-publications\/#breadcrumb"},"inLanguage":"en-US","potentialAction":[{"@type":"ReadAction","target":["https:\/\/www.neilmed.com\/sg\/medical-publications\/"]}]},{"@type":"ImageObject","inLanguage":"en-US","@id":"https:\/\/www.neilmed.com\/sg\/medical-publications\/#primaryimage","url":"https:\/\/www.neilmed.com\/sg\/wp-content\/uploads\/sites\/8\/2022\/03\/medical-literatures-scaled.jpeg","contentUrl":"https:\/\/www.neilmed.com\/sg\/wp-content\/uploads\/sites\/8\/2022\/03\/medical-literatures-scaled.jpeg","width":2560,"height":2560,"caption":"An overhead closeup shot of open books of literature - perfect for background"},{"@type":"BreadcrumbList","@id":"https:\/\/www.neilmed.com\/sg\/medical-publications\/#breadcrumb","itemListElement":[{"@type":"ListItem","position":1,"name":"Home","item":"https:\/\/www.neilmed.com\/sg\/"},{"@type":"ListItem","position":2,"name":"Medical Professionals &amp; Pharmacists","item":"https:\/\/www.neilmed.com\/sg\/category\/medical-professionals-pharmacists\/"},{"@type":"ListItem","position":3,"name":"Medical Publications"}]},{"@type":"WebSite","@id":"https:\/\/www.neilmed.com\/sg\/#website","url":"https:\/\/www.neilmed.com\/sg\/","name":"NeilMed Pharmaceuticals - Singapore","description":"NeilMed Pharmaceuticals: world leader in nasal saline irrigation system | Sinus Rinse | Neti Pot | Nasal Irrigation","potentialAction":[{"@type":"SearchAction","target":{"@type":"EntryPoint","urlTemplate":"https:\/\/www.neilmed.com\/sg\/?s={search_term_string}"},"query-input":{"@type":"PropertyValueSpecification","valueRequired":true,"valueName":"search_term_string"}}],"inLanguage":"en-US"}]}},"acf":[],"_links":{"self":[{"href":"https:\/\/www.neilmed.com\/sg\/wp-json\/wp\/v2\/pages\/263","targetHints":{"allow":["GET"]}}],"collection":[{"href":"https:\/\/www.neilmed.com\/sg\/wp-json\/wp\/v2\/pages"}],"about":[{"href":"https:\/\/www.neilmed.com\/sg\/wp-json\/wp\/v2\/types\/page"}],"author":[{"embeddable":true,"href":"https:\/\/www.neilmed.com\/sg\/wp-json\/wp\/v2\/users\/1"}],"replies":[{"embeddable":true,"href":"https:\/\/www.neilmed.com\/sg\/wp-json\/wp\/v2\/comments?post=263"}],"version-history":[{"count":0,"href":"https:\/\/www.neilmed.com\/sg\/wp-json\/wp\/v2\/pages\/263\/revisions"}],"wp:featuredmedia":[{"embeddable":true,"href":"https:\/\/www.neilmed.com\/sg\/wp-json\/wp\/v2\/media\/1519"}],"wp:attachment":[{"href":"https:\/\/www.neilmed.com\/sg\/wp-json\/wp\/v2\/media?parent=263"}],"wp:term":[{"taxonomy":"category","embeddable":true,"href":"https:\/\/www.neilmed.com\/sg\/wp-json\/wp\/v2\/categories?post=263"},{"taxonomy":"post_tag","embeddable":true,"href":"https:\/\/www.neilmed.com\/sg\/wp-json\/wp\/v2\/tags?post=263"}],"curies":[{"name":"wp","href":"https:\/\/api.w.org\/{rel}","templated":true}]}}